{"id":14362,"date":"2022-04-07T16:15:46","date_gmt":"2022-04-07T14:15:46","guid":{"rendered":"https:\/\/www.flassaders.org\/?page_id=14362"},"modified":"2026-03-09T13:07:49","modified_gmt":"2026-03-09T12:07:49","slug":"inicio","status":"publish","type":"page","link":"https:\/\/www.flassaders.org\/es\/","title":{"rendered":"Inicio"},"content":{"rendered":"<div  data-size='featured'  data-lightbox_size='large'  data-animation='slide'  data-ids='20659,20667,20663'  data-video_counter='0'  data-autoplay='true'  data-bg_slider='false'  data-slide_height=''  data-handle='av_slideshow'  data-interval='5'  data-class=' '  data-css_id=''  data-scroll_down=''  data-control_layout='av-control-default'  data-custom_markup=''  data-perma_caption=''  data-autoplay_stopper=''  data-image_attachment=''  data-min_height='0px'  data-default-height='28.666666666667'  class='avia-slideshow avia-slideshow-1  av-control-default av-default-height-applied avia-slideshow-featured av_slideshow   avia-slide-slider '  itemprop=\"ImageObject\" itemscope=\"itemscope\" itemtype=\"https:\/\/schema.org\/ImageObject\" ><ul class='avia-slideshow-inner' style='padding-bottom: 37.785588752197%;'><li  class=' slide-1 ' ><div data-rel='slideshow-1' class='avia-slide-wrap'  ><img src='https:\/\/www.flassaders.org\/wp-content\/uploads\/2026\/03\/Banner_8M_2026-1-1138x430.png' width='1138' height='430' title='Banner_8M_2026' alt=''  itemprop=\"thumbnailUrl\"   \/><\/div><\/li><li  class=' slide-2 ' ><a href='https:\/\/www.flassaders.org\/es\/ludoteca_\/' target=\"_blank\"  data-rel='slideshow-1' class='avia-slide-wrap'  ><img src='https:\/\/www.flassaders.org\/wp-content\/uploads\/2026\/03\/ludotecaCASTE-1134x430.png' width='1134' height='430' title='ludotecaCASTE' alt=''  itemprop=\"thumbnailUrl\"   \/><\/a><\/li><li  class=' slide-3 ' ><a href='https:\/\/www.flassaders.org\/es\/medialab\/' target=\"_blank\"  data-rel='slideshow-1' class='avia-slide-wrap'  ><img src='https:\/\/www.flassaders.org\/wp-content\/uploads\/2026\/03\/labobertCASTE-1139x430.png' width='1139' height='430' title='labobertCASTE' alt=''  itemprop=\"thumbnailUrl\"   \/><\/a><\/li><\/ul><div class='avia-slideshow-arrows avia-slideshow-controls'><a href='#prev' class='prev-slide' aria-hidden='true' data-av_icon='\ue87c' data-av_iconfont='entypo-fontello'>Anterior<\/a><a href='#next' class='next-slide' aria-hidden='true' data-av_icon='\ue87d' data-av_iconfont='entypo-fontello'>Posterior<\/a><\/div><div class='avia-slideshow-dots avia-slideshow-controls'><a href='#1' class='goto-slide active' >1<\/a><a href='#2' class='goto-slide ' >2<\/a><a href='#3' class='goto-slide ' >3<\/a><\/div><\/div>\n<div class=\"flex_column av_one_fourth  flex_column_div av-zero-column-padding first  \" style='border-radius:0px; '><p><div class='avia-image-container avia_animated_image avia_animate_when_almost_visible bottom-to-top av-styling-no-styling    avia-align-center '  itemprop=\"ImageObject\" itemscope=\"itemscope\" itemtype=\"https:\/\/schema.org\/ImageObject\"  ><div class='avia-image-container-inner'><a href='https:\/\/www.flassaders.org\/programacio\/' class='avia_image'  ><img class='avia_image ' src='https:\/\/www.flassaders.org\/wp-content\/uploads\/2022\/03\/ico-tallers-80x80.png' alt='' title='ico-tallers'  itemprop=\"thumbnailUrl\"  \/><\/a><\/div><\/div><br \/>\n<section class=\"av_textblock_section \"  itemscope=\"itemscope\" itemtype=\"https:\/\/schema.org\/CreativeWork\" ><div class='avia_textblock  av_inherit_color '  style='color:#6786a1; '  itemprop=\"text\" ><h3 style=\"font-size: 15pt; font-family: Ruda; text-align: center;\"><span style=\"color: #000000;\"><strong><a href=\"https:\/\/www.flassaders.org\/es\/programacion\/\"><span style=\"color: #000000;\">TALLERES Y ACTIVIDADES<\/span><\/a><br \/>\n<\/strong><\/span><\/h3>\n<\/div><\/section><br \/>\n<section class=\"av_textblock_section \"  itemscope=\"itemscope\" itemtype=\"https:\/\/schema.org\/CreativeWork\" ><div class='avia_textblock  '   itemprop=\"text\" ><p style=\"text-align: center;\"><span style=\"font-size: 12pt;\"><span style=\"font-weight: 400;\">Cada trimestre actualizamos nuestros talleres. <\/span><a href=\"https:\/\/www.flassaders.org\/es\/programacion\/\"><span style=\"font-weight: 400;\">Consulta la programaci\u00f3n actual<\/span><\/a><span style=\"font-weight: 400;\">.<\/span><\/span><\/p>\n<\/div><\/section><\/p><\/div>\n<div class=\"flex_column av_one_fourth  flex_column_div av-zero-column-padding   \" style='border-radius:0px; '><p><div class='avia-image-container avia_animated_image avia_animate_when_almost_visible bottom-to-top av-styling-no-styling    avia-align-center '  itemprop=\"ImageObject\" itemscope=\"itemscope\" itemtype=\"https:\/\/schema.org\/ImageObject\"  ><div class='avia-image-container-inner'><a href='http:\/\/www.flassaders.org\/inscripcions' class='avia_image'  ><img class='avia_image ' src='https:\/\/www.flassaders.org\/wp-content\/uploads\/2022\/03\/ico-inscripcions-80x80.png' alt='' title='ico-inscripcions'  itemprop=\"thumbnailUrl\"  \/><\/a><\/div><\/div><br \/>\n<section class=\"av_textblock_section \"  itemscope=\"itemscope\" itemtype=\"https:\/\/schema.org\/CreativeWork\" ><div class='avia_textblock  av_inherit_color '  style='color:#6786a1; '  itemprop=\"text\" ><h3 style=\"font-size: 15pt; font-family: Ruda; text-align: center;\"><span style=\"color: #000000;\"><strong><a href=\"https:\/\/www.flassaders.org\/es\/inscripciones\"><span style=\"color: #000000;\">INSCRIPCIONES<\/span><\/a><br \/>\n<\/strong><\/span><\/h3>\n<\/div><\/section><br \/>\n<section class=\"av_textblock_section \"  itemscope=\"itemscope\" itemtype=\"https:\/\/schema.org\/CreativeWork\" ><div class='avia_textblock  '   itemprop=\"text\" ><p style=\"text-align: center;\"><span style=\"font-size: 12pt;\">Puedes inscribirte en cualquier momento a nuestro talleres y actividades. <strong><a href=\"https:\/\/www.flassaders.org\/es\/inscripciones\">\u00a1Te esperamos!<\/a><br \/>\n<\/strong><\/span><\/p>\n<\/div><\/section><\/p><\/div>\n<div class=\"flex_column av_one_fourth  flex_column_div av-zero-column-padding   \" style='border-radius:0px; '><p><div class='avia-image-container avia_animated_image avia_animate_when_almost_visible bottom-to-top av-styling-no-styling    avia-align-center '  itemprop=\"ImageObject\" itemscope=\"itemscope\" itemtype=\"https:\/\/schema.org\/ImageObject\"  ><div class='avia-image-container-inner'><a href='https:\/\/www.flassaders.org\/espais\/' class='avia_image'  ><img class='avia_image ' src='https:\/\/www.flassaders.org\/wp-content\/uploads\/2022\/03\/ico-espais-80x80.png' alt='' title='ico-espais'  itemprop=\"thumbnailUrl\"  \/><\/a><\/div><\/div><br \/>\n<section class=\"av_textblock_section \"  itemscope=\"itemscope\" itemtype=\"https:\/\/schema.org\/CreativeWork\" ><div class='avia_textblock  av_inherit_color '  style='color:#6786a1; '  itemprop=\"text\" ><h3 style=\"font-size: 15pt; font-family: Ruda; text-align: center;\"><span style=\"color: #000000;\"><strong><a href=\"https:\/\/www.flassaders.org\/es\/espacios\"><span style=\"color: #000000;\">CESI\u00d3N DE<br \/>\nESPACIOS<\/span><\/a><br \/>\n<\/strong><\/span><\/h3>\n<\/div><\/section><br \/>\n<section class=\"av_textblock_section \"  itemscope=\"itemscope\" itemtype=\"https:\/\/schema.org\/CreativeWork\" ><div class='avia_textblock  '   itemprop=\"text\" ><p style=\"text-align: center;\"><span style=\"font-size: 12pt;\"><strong>Cedemos los espacios <\/strong>del Centro para que puedas organizar organitzar <strong>reuniones, cursos, talleres.<\/strong><\/span><\/p>\n<\/div><\/section><\/p><\/div>\n<div class=\"flex_column av_one_fourth  flex_column_div av-zero-column-padding   \" style='border-radius:0px; '><p><div class='avia-image-container avia_animated_image avia_animate_when_almost_visible bottom-to-top av-styling-no-styling    avia-align-center '  itemprop=\"ImageObject\" itemscope=\"itemscope\" itemtype=\"https:\/\/schema.org\/ImageObject\"  ><div class='avia-image-container-inner'><a href='https:\/\/www.flassaders.org\/qui-som\/' class='avia_image'  ><img class='avia_image ' src='https:\/\/www.flassaders.org\/wp-content\/uploads\/2022\/03\/ico-flassaders-1-80x80.png' alt='' title='ico-flassaders'  itemprop=\"thumbnailUrl\"  \/><\/a><\/div><\/div><br \/>\n<section class=\"av_textblock_section \"  itemscope=\"itemscope\" itemtype=\"https:\/\/schema.org\/CreativeWork\" ><div class='avia_textblock  av_inherit_color '  style='color:#6786a1; '  itemprop=\"text\" ><h3 style=\"font-size: 15pt; font-family: Ruda; text-align: center;\"><span style=\"color: #000000;\"><strong><a href=\"https:\/\/www.flassaders.org\/es\/quienes-somos\/\"><span style=\"color: #000000;\">FLASSADERS<\/span><\/a><br \/>\n<\/strong><\/span><\/h3>\n<\/div><\/section><br \/>\n<section class=\"av_textblock_section \"  itemscope=\"itemscope\" itemtype=\"https:\/\/schema.org\/CreativeWork\" ><div class='avia_textblock  '   itemprop=\"text\" ><p style=\"text-align: center;\"><span style=\"font-size: 12pt;\">V<span style=\"font-weight: 400;\">en al <strong>Centro Flassaders<\/strong> y hazlo m\u00e1s tuyo que nunca. <strong>Tenemos muchas ganas de volver a verte<\/strong>.<\/span><strong><br \/>\n<\/strong><\/span><\/p>\n<\/div><\/section><\/p><\/div>\n<div class=\"flex_column av_one_full  flex_column_div av-zero-column-padding first  \" style='background-color:#ffffff; border-radius:0px; '><p><div style=' margin-top:30px; margin-bottom:30px;'  class='hr hr-custom hr-center hr-icon-no  '><span class='hr-inner   inner-border-av-border-fat' style=' width:100%; border-color:#ffde59;' ><span class='hr-inner-style'><\/span><\/span><\/div><br \/>\n<section class=\"av_textblock_section \"  itemscope=\"itemscope\" itemtype=\"https:\/\/schema.org\/CreativeWork\" ><div class='avia_textblock  av_inherit_color '  style='color:#6786a1; '  itemprop=\"text\" ><h2 style=\"text-align: center;\"><strong><span style=\"font-family: Ruda; font-size: 20pt; color: #000000;\">PROPUESTAS DE TALLERES<\/span><\/strong><\/h2>\n<\/div><\/section><br \/>\n<section class=\"av_textblock_section \"  itemscope=\"itemscope\" itemtype=\"https:\/\/schema.org\/CreativeWork\" ><div class='avia_textblock  '   itemprop=\"text\" ><p style=\"text-align: center;\"><span style=\"font-size: 12pt;\"><span style=\"font-weight: 400;\">Participa con el centro y haznos llegar propuestas de <strong>talleres, actividades o exposiciones.\u00a0<\/strong><\/span><\/span><\/p>\n<\/div><\/section><br \/>\n<div class='avia-button-wrap avia-button-center '><a href='https:\/\/www.flassaders.org\/propostes\/' class='avia-button   avia-icon_select-no avia-color-custom avia-size-large avia-position-center '  style='background-color:#ffde59; border-color:#ffde59; color:#000000; ' ><span class='avia_iconbox_title' >HAZ UNA PROPUESTA<\/span><\/a><\/div><\/p><\/div>\n<div style=' margin-top:30px; margin-bottom:30px;'  class='hr hr-custom hr-center hr-icon-no  '><span class='hr-inner   inner-border-av-border-fat' style=' width:100%; border-color:#ffde59;' ><span class='hr-inner-style'><\/span><\/span><\/div>\n<div class=\"flex_column av_one_fourth  flex_column_div av-zero-column-padding first  \" style='border-radius:0px; '><section class=\"av_textblock_section \"  itemscope=\"itemscope\" itemtype=\"https:\/\/schema.org\/CreativeWork\" ><div class='avia_textblock  '   itemprop=\"text\" ><h1><span style=\"font-size: 30px;\">\u00a1Suscr\u00edbete a nuestro bolet\u00edn electr\u00f3nico! &gt;&gt;&gt;<\/span><\/h1>\n<p><span style=\"font-weight: 400;\">No te haremos spam. \u00a1S\u00f3lo informaci\u00f3n de la buena!<\/span><\/p>\n<p><img decoding=\"async\" src=\"https:\/\/media.giphy.com\/media\/QyLeEG8FwmCrdTJGIV\/giphy.gif\" \/><\/p>\n<\/div><\/section><\/div>\n<div class=\"flex_column av_three_fourth  flex_column_div   \" style='padding:0px 30px 0px 0px ; border-radius:0px; '><section class=\"avia_codeblock_section  avia_code_block_0\"  itemscope=\"itemscope\" itemtype=\"https:\/\/schema.org\/CreativeWork\" ><div class='avia_codeblock '  itemprop=\"text\" > [avia_codeblock_placeholder uid=\"0\"] <\/div><\/section><\/div>\n","protected":false},"excerpt":{"rendered":"","protected":false},"author":1,"featured_media":0,"parent":0,"menu_order":0,"comment_status":"closed","ping_status":"closed","template":"","meta":{"_bbp_topic_count":0,"_bbp_reply_count":0,"_bbp_total_topic_count":0,"_bbp_total_reply_count":0,"_bbp_voice_count":0,"_bbp_anonymous_reply_count":0,"_bbp_topic_count_hidden":0,"_bbp_reply_count_hidden":0,"_bbp_forum_subforum_count":0,"footnotes":""},"class_list":["post-14362","page","type-page","status-publish","hentry"],"_links":{"self":[{"href":"https:\/\/www.flassaders.org\/es\/wp-json\/wp\/v2\/pages\/14362","targetHints":{"allow":["GET"]}}],"collection":[{"href":"https:\/\/www.flassaders.org\/es\/wp-json\/wp\/v2\/pages"}],"about":[{"href":"https:\/\/www.flassaders.org\/es\/wp-json\/wp\/v2\/types\/page"}],"author":[{"embeddable":true,"href":"https:\/\/www.flassaders.org\/es\/wp-json\/wp\/v2\/users\/1"}],"replies":[{"embeddable":true,"href":"https:\/\/www.flassaders.org\/es\/wp-json\/wp\/v2\/comments?post=14362"}],"version-history":[{"count":17,"href":"https:\/\/www.flassaders.org\/es\/wp-json\/wp\/v2\/pages\/14362\/revisions"}],"predecessor-version":[{"id":20670,"href":"https:\/\/www.flassaders.org\/es\/wp-json\/wp\/v2\/pages\/14362\/revisions\/20670"}],"wp:attachment":[{"href":"https:\/\/www.flassaders.org\/es\/wp-json\/wp\/v2\/media?parent=14362"}],"curies":[{"name":"wp","href":"https:\/\/api.w.org\/{rel}","templated":true}]}}