{"id":14406,"date":"2022-03-24T16:40:47","date_gmt":"2022-03-24T15:40:47","guid":{"rendered":"https:\/\/www.flassaders.org\/?page_id=14406"},"modified":"2024-01-18T19:43:32","modified_gmt":"2024-01-18T18:43:32","slug":"aviso-legal","status":"publish","type":"page","link":"https:\/\/www.flassaders.org\/es\/aviso-legal\/","title":{"rendered":"Aviso legal"},"content":{"rendered":"<div class=\"flex_column av_one_full  flex_column_div av-zero-column-padding first  \" style='border-radius:0px; '><div style='padding-bottom:10px;' class='av-special-heading av-special-heading-h1    '><h1 class='av-special-heading-tag '  itemprop=\"headline\"  >NOTA LEGAL Y CONDICIONES DE USO DE LA WEB<\/h1><div class='special-heading-border'><div class='special-heading-inner-border' ><\/div><\/div><\/div><\/div>\n<section class=\"av_textblock_section \"  itemscope=\"itemscope\" itemtype=\"https:\/\/schema.org\/CreativeWork\" ><div class='avia_textblock  '   itemprop=\"text\" ><p>El acceso a la web <strong>www.flassaders.org<\/strong> atribuye la condici\u00f3n de <strong>usuario<\/strong> e implica la aceptaci\u00f3n plena y sin reserva, desde este acceso y\/o uso, de la presente nota legal y de la pol\u00edtica de privacidad en su \u00faltima versi\u00f3n. Por eso, aconsejamos que proceda a la lectura de estos documentos, antes de utilizar las funcionalidades ofrecidas por este sitio web, as\u00ed como cada vez que acceda a \u00e9l, puesto que nos reservamos el derecho de cambiar, modificar, a\u00f1adir o eliminar en cualquier momento parte de estas condiciones.<\/p>\n<p>El simple acceso en esta Web no supone en ning\u00fan caso la existencia de una relaci\u00f3n comercial entre el usuario y la web<\/p>\n<p><strong>I. TITULAR DE LA WEB<\/strong><\/p>\n<p>A efectos de lo previsto por el <em>art. 10 de la Ley 34\/ 2002, de 11 de julio, de Servicios de la Sociedad de la Informaci\u00f3n y de E-commerce<\/em>, se proporciona la siguiente informaci\u00f3n sobre la titular de esta Web:<\/p>\n<p><strong>&#8211; Titular de la Web:<\/strong> ESTUDIO 6 GESTI\u00d3N SOCIOEDUCATIVA, S.L. (ESTUDIO 6, de ahora en adelante)<br \/>\n<strong>&#8211; DomiciliO social:<\/strong> CALLE GUILLEM MASSOT 54, 07003, PALMA DE MALLORCA (ISLAS BALEARES)<br \/>\n<strong>&#8211; C.I.F.<\/strong> B07526007<br \/>\n<strong>&#8211; Datos registrales:<\/strong> inscrita en el Registro Mercantil, tomo 868, hoja 209, PM-3020 y 1\u00aa inscripci\u00f3n.<\/p>\n<p>Adem\u00e1s del domicilio social, se pone a disposici\u00f3n de los usuarios los siguientes canales para dirigir sus peticiones, cuestiones o reclamaciones: <a href=\"mailto:estudi6@estudi6.com\">estudi6@estudi6.com<\/a><\/p>\n<p><strong>II. CONDICIONES DE USO<\/strong><\/p>\n<p><strong>1. Introducci\u00f3n.<\/strong> El Centro Flassaders ofrece en esta web informaci\u00f3n sobre los talleres y actividades. As\u00ed mismo, la web incluye la posibilidad de que los interesados a trabajar o colaborar con el centro puedan enviar sus propuestas de proyectos socioeducativos y culturales. Finalmente, la web informa a los usuarios de la direcci\u00f3n del centro en Palma de Mallorca. Accediendo y utilizando esta web, usted acuerda obligarse a las condiciones que a continuaci\u00f3n se exponen, por lo cual se le recomienda que lea cuidadosamente esta secci\u00f3n antes de iniciar su navegaci\u00f3n.<\/p>\n<p><strong>2. Obligaciones de los Usuarios.<\/strong> Los Usuarios se comprometen a utilizar esta Web de forma l\u00edcita, de acuerdo con lo dispuesto en las presentes condiciones y de forma que no produzcan un perjuicio en los derechos o intereses de ESTUDIO 6 o de terceros. A t\u00edtulo enunciativo y en ning\u00fan caso limitativo o excluyente, el Usuario se compromete igualmente a:<\/p>\n<ul>\n<li>No incurrir en actividades ilegales o contrarias al orden p\u00fablico o a la buena fe;<\/li>\n<li>No utilizar los datos publicados en la Web para el env\u00edo de comunicaciones no solicitadas (spam).<\/li>\n<li>No introducir o difundir en la web informaci\u00f3n o contenidos falsos, enga\u00f1osos, ambiguos o inexactos de forma que induzcan a error a los receptores de la informaci\u00f3n, ni tampoco difundir contenidos de car\u00e1cter racista, xen\u00f3fobo, pornogr\u00e1fico, de apolog\u00eda del terrorismo o atentatorio contra los derechos humanos o de los menores;<\/li>\n<li>No realizar acciones que supongan o comporten una violaci\u00f3n de los derechos de propiedad intelectual ESTUDIO 6 o de terceros;<\/li>\n<li>No provocar da\u00f1os en los sistemas f\u00edsicos y l\u00f3gicos de ESTUDIO 6, de sus proveedores o de terceras personas;<\/li>\n<li>No introducir o difundir en la red virus inform\u00e1ticos o utilizar cualesquiera otros sistemas f\u00edsicos o l\u00f3gicos que sean susceptibles de provocar los da\u00f1os anteriormente mencionados.<\/li>\n<li>No suprimir, alterar, eludir o manipular cualquier dispositivo de protecci\u00f3n o sistema de seguridad que estuviera instalado en las p\u00e1ginas de esta Web.<\/li>\n<\/ul>\n<p><strong>3. Exclusi\u00f3n de responsabilidad.<\/strong> Esta Web se proporciona \u201ctal como est\u00e1\u201d y su uso se realiza bajo el propio riesgo del Usuario, por lo cual, ni ESTUDI 6, ni sus administradores, trabajadores, proveedores o colaboradores ser\u00e1n responsables por los da\u00f1os, de cualquier naturaleza, directas o no, que deriven del uso de la Web, excluyendo expresamente ESTUDI 6, en toda la medida prevista por la Ley, cualquier tipo de garant\u00edas, ya sean expr\u00e9s o impl\u00edcitas.<br \/>\nESTUDI 6 no garantiza la disponibilidad y accesibilidad de la Web, si bien realizar\u00e1 todos los esfuerzos que sean razonables en este sentido. En ocasiones, podr\u00e1n producirse interrupciones por el tiempo que resulte necesario para la realizaci\u00f3n de las correspondientes operaciones de mantenimiento.<br \/>\nESTUDI 6 no se responsabiliza de posibles da\u00f1os derivados de interferencias, interrupciones, virus inform\u00e1ticos, aver\u00edas telef\u00f3nicas o desconexiones telef\u00f3nicas motivadas por causas ajenas a la citada entidad; de retrasos o bloqueos en el uso del presente sistema electr\u00f3nico causados por deficiencias o sobrecargas en el centro procesador de datos, de l\u00edneas telef\u00f3nicas, en el sistema de Internet o en otros sistemas el\u00e9ctricos; ni tampoco de cualquier otra alteraci\u00f3n que se pueda producir en el Software o Hardware de los Usuarios. Tampoco garantiza la ausencia de virus, malwares, *troyanos u otros elementos que puedan producir alteraciones en el sistema inform\u00e1tico, documentos o ficheros del Usuario, excluyendo cualquier responsabilidad por los da\u00f1os de cualquier clase causados al Usuario por este motivo. De igual manera, ESTUDI 6 no responder\u00e1 por los da\u00f1os causados por terceras personas mediante intromisiones ileg\u00edtimas fuera de su control.<br \/>\nTampoco responder\u00e1 de los da\u00f1os y perjuicios causados por el uso o mala utilizaci\u00f3n de los contenidos de la Web, ni por las consecuencias que pudieran derivarse de los errores, defectos u omisiones en los contenidos que pudieran aparecer en esta Web proporcionados por los propios Usuarios u otros terceros. ESTUDI 6 no asume obligaci\u00f3n ni responsabilidad alguna respecto de aquellos servicios que no preste directamente.<\/p>\n<p><strong>4. Enlaces externos.<\/strong> En ning\u00fan caso ESTUDI 6 asumir\u00e1 responsabilidad alguna por los contenidos de los enlaces pertenecientes a un sitio web ajeno, ni garantizar\u00e1 la disponibilidad t\u00e9cnica, calidad, fiabilidad, exactitud, amplitud, veracidad, validez y legalidad de cualquier material o informaci\u00f3n contenida en ninguno de estos hiperv\u00ednculos u otros lugares de Internet. Igualmente, la inclusi\u00f3n de estas conexiones externas no implicar\u00e1 ning\u00fan tipo de asociaci\u00f3n, fusi\u00f3n o participaci\u00f3n con las entidades conectadas.<\/p>\n<p><strong>5. Denegaci\u00f3n de acceso y cancelaci\u00f3n de las cuentas.<\/strong> ESTUDI 6 se reserva el derecho de denegar el acceso en la Web a aquellos Usuarios que incumplan las presentes condiciones; en caso de problemas t\u00e9cnicos o de seguridad imprevistos; de inactividad de la cuenta durante un tiempo significativo; o en cumplimiento de un requerimiento y\/o de una orden policial, judicial o administrativa.<\/p>\n<p><strong>6. Tratamiento de datos personales.<\/strong> Los Usuarios consienten el tratamiento de sus datos personales con el alcance y en los t\u00e9rminos que se indican en nuestra pol\u00edtica de privacidad, la cual est\u00e1 disponible en <a href=\"https:\/\/www.flassaders.org\/privacidad\/\">flassaders.org\/privacidad<\/a>, quedando as\u00ed mismo esta pol\u00edtica incorporada a las presentes condiciones por referencia. En esta pol\u00edtica, los Usuarios encontrar\u00e1n informaci\u00f3n sobre la manera de ejercitar sus derechos de acceso, supresi\u00f3n, limitaci\u00f3n y rectificaci\u00f3n de su informaci\u00f3n personal, as\u00ed como el de oposici\u00f3n a su tratamiento y portabilidad.<\/p>\n<p><strong>7. Propiedad intelectual y derechos de autor.<\/strong> Sin perjuicio de los contenidos proporcionados por los propios Usuarios o sobre los cuales terceros ostentaran derechos intelectuales, los derechos de propiedad intelectual de la Web, el nombre de dominio, su c\u00f3digo fuente, dise\u00f1o y estructura de navegaci\u00f3n y elementos contenidos a la Web (a t\u00edtulo enunciativo, im\u00e1genes, sonido, audio, v\u00eddeo, software, o textos; marcas o logotipos, combinaciones de colores, estructura y dise\u00f1o, etc.) son titularidad de ESTUDI 6, a quien corresponde el ejercicio exclusivo de los derechos de explotaci\u00f3n de los mismos en cualquier forma, y, especialmente los derechos de reproducci\u00f3n, distribuci\u00f3n, comunicaci\u00f3n p\u00fablica y transformaci\u00f3n, conforme al previsto por la vigente Ley de Propiedad Intelectual. Quedan expresamente prohibidas la reproducci\u00f3n, distribuci\u00f3n y la comunicaci\u00f3n p\u00fablica, incluida su modalidad de puesta a disposici\u00f3n, de la totalidad o parte de los contenidos de esta web en cualquier apoyo y por cualquier medio t\u00e9cnico, sin la autorizaci\u00f3n de ESTUDI 6 o, si procede, de los terceros que ostenten los derechos de propiedad intelectual o de autor sobre los contenidos afectados. Sin embargo el anterior, el usuario de la web podr\u00e1 visualizar los elementos de esta Web e incluso imprimirlos, copiarlos y almacenarlos en el disco duro de su ordenador o en cualquier otro apoyo f\u00edsico siempre que sea, \u00fanica y exclusivamente, para su uso personal y privado. Aquellas entidades o personas que, previa autorizaci\u00f3n del titular de esta web, pretendan establecer un enlace con ella, tendr\u00e1n que garantizar que \u00fanicamente permite el acceso a esta Web o servicio pero que no realiza reproducci\u00f3n de sus contenidos y servicios.<\/p>\n<p><strong>8. Nulidad de las cl\u00e1usulas.<\/strong> En caso de que una cl\u00e1usula de las presentes condiciones de uso fuera declarada nula, s\u00f3lo afectar\u00e1 a esta disposici\u00f3n o a aquella parte que as\u00ed haya sido declarada, subsistiendo las condiciones en todo el resto y teni\u00e9ndo tal disposici\u00f3n, o la parte afectada, por no puesta.<\/p>\n<p><strong>9. Aceptaci\u00f3n. <\/strong>El acceso en la Web y su utilizaci\u00f3n implica necesariamente que todas y cada una de las presentes condiciones de uso son expresamente aceptadas por usted.<\/p>\n<p><strong>10. Ley y jurisdicci\u00f3n aplicables.<\/strong> Sin perjuicio de los derechos reconocidos a los consumidores por el Real decreto legislativo 1\/2007, de 16 de noviembre, la presente web se regir\u00e1 por la ley espa\u00f1ola con exclusi\u00f3n de sus reglas de conflicto de ley y cualquier controversia que pudiera derivarse de su utilizaci\u00f3n o de los servicios vinculados a la misma se someter\u00e1 a la jurisdicci\u00f3n y competencia de los Juzgados y Tribunales de Palma de Mallorca, renunciando expresamente los usuarios a su fuero propio si lo tuvieran.<br \/>\nLa Comisi\u00f3n Europea facilita una plataforma de resoluci\u00f3n de litigios en l\u00ednea dirigida a los consumidores, pudiendo estos acceder a la misma mediante el siguiente enlace: https:\/\/webgate.ec.europa.eu\/odr\/main\/index.cfm?event=main.home.chooselanguage<\/p>\n<p>Versi\u00f3n 1.0 \u2013 octubre de 2018<\/p>\n<\/div><\/section>\n","protected":false},"excerpt":{"rendered":"","protected":false},"author":1,"featured_media":0,"parent":0,"menu_order":0,"comment_status":"closed","ping_status":"closed","template":"","meta":{"_bbp_topic_count":0,"_bbp_reply_count":0,"_bbp_total_topic_count":0,"_bbp_total_reply_count":0,"_bbp_voice_count":0,"_bbp_anonymous_reply_count":0,"_bbp_topic_count_hidden":0,"_bbp_reply_count_hidden":0,"_bbp_forum_subforum_count":0,"footnotes":""},"class_list":["post-14406","page","type-page","status-publish","hentry"],"_links":{"self":[{"href":"https:\/\/www.flassaders.org\/es\/wp-json\/wp\/v2\/pages\/14406","targetHints":{"allow":["GET"]}}],"collection":[{"href":"https:\/\/www.flassaders.org\/es\/wp-json\/wp\/v2\/pages"}],"about":[{"href":"https:\/\/www.flassaders.org\/es\/wp-json\/wp\/v2\/types\/page"}],"author":[{"embeddable":true,"href":"https:\/\/www.flassaders.org\/es\/wp-json\/wp\/v2\/users\/1"}],"replies":[{"embeddable":true,"href":"https:\/\/www.flassaders.org\/es\/wp-json\/wp\/v2\/comments?post=14406"}],"version-history":[{"count":6,"href":"https:\/\/www.flassaders.org\/es\/wp-json\/wp\/v2\/pages\/14406\/revisions"}],"predecessor-version":[{"id":16596,"href":"https:\/\/www.flassaders.org\/es\/wp-json\/wp\/v2\/pages\/14406\/revisions\/16596"}],"wp:attachment":[{"href":"https:\/\/www.flassaders.org\/es\/wp-json\/wp\/v2\/media?parent=14406"}],"curies":[{"name":"wp","href":"https:\/\/api.w.org\/{rel}","templated":true}]}}