{"id":14415,"date":"2020-06-08T11:03:44","date_gmt":"2020-06-08T09:03:44","guid":{"rendered":"https:\/\/www.flassaders.org\/?page_id=14415"},"modified":"2024-01-18T19:43:32","modified_gmt":"2024-01-18T18:43:32","slug":"boletin-electronico","status":"publish","type":"page","link":"https:\/\/www.flassaders.org\/es\/boletin-electronico\/","title":{"rendered":"Bolet\u00edn electr\u00f3nico"},"content":{"rendered":"<div class=\"flex_column av_one_third  flex_column_div av-zero-column-padding first  \" style='border-radius:0px; '><section class=\"av_textblock_section \"  itemscope=\"itemscope\" itemtype=\"https:\/\/schema.org\/CreativeWork\" ><div class='avia_textblock  '   itemprop=\"text\" ><h1>Subscr\u00edbete a nuestro bolet\u00edn electr\u00f3nico &gt;&gt;&gt;<\/h1>\n<p>No te haremos spam. \u00a1S\u00f3lo informaci\u00f3n de la buena!<\/p>\n<\/div><\/section><br \/>\n<section class=\"avia_codeblock_section  avia_code_block_0\"  itemscope=\"itemscope\" itemtype=\"https:\/\/schema.org\/CreativeWork\" ><div class='avia_codeblock '  itemprop=\"text\" > [avia_codeblock_placeholder uid=\"0\"] <\/div><\/section><\/p><\/div>\n<div class=\"flex_column av_two_third  flex_column_div   \" style='padding:0px 0px 0px 20px ; border-radius:0px; '><section class=\"av_textblock_section \"  itemscope=\"itemscope\" itemtype=\"https:\/\/schema.org\/CreativeWork\" ><div class='avia_textblock  '   itemprop=\"text\" >\t\t\t\t\t<script type=\"text\/javascript\">\n\t\t\t\t\t\tvar gCaptchaSibWidget;\n                        var onloadSibCallbackInvisible = function () {\n\n                            var element = document.getElementsByClassName('sib-default-btn');\n                            var countInvisible = 0;\n                            var indexArray = [];\n                            jQuery('.sib-default-btn').each(function (index, el) {\n                                if ((jQuery(el).attr('id') == \"invisible\")) {\n                                    indexArray[countInvisible] = index;\n                                    countInvisible++\n                                }\n                            });\n\n                            jQuery('.invi-recaptcha').each(function (index, el) {\n                                grecaptcha.render(element[indexArray[index]], {\n                                    'sitekey': jQuery(el).attr('data-sitekey'),\n                                    'callback': sibVerifyCallback,\n                                });\n                            });\n                        };\n\t\t\t\t\t<\/script>\n\t\t\t\t\t                <script src=\"https:\/\/www.google.com\/recaptcha\/api.js?onload=onloadSibCallbackInvisible&render=explicit\" async defer><\/script>\n\t\t\t\t\n\t\t\t<form id=\"sib_signup_form_3\" method=\"post\" class=\"sib_signup_form\">\n\t\t\t\t<div class=\"sib_loader\" style=\"display:none;\"><img\n\t\t\t\t\t\t\tsrc=\"https:\/\/www.flassaders.org\/wp-includes\/images\/spinner.gif\" alt=\"loader\"><\/div>\n\t\t\t\t<input type=\"hidden\" name=\"sib_form_action\" value=\"subscribe_form_submit\">\n\t\t\t\t<input type=\"hidden\" name=\"sib_form_id\" value=\"3\">\n                <input type=\"hidden\" name=\"sib_form_alert_notice\" value=\"Please fill out this field\">\n                <input type=\"hidden\" name=\"sib_form_invalid_email_notice\" value=\"Tu direcci\u00f3n no es correcta\">\n                <input type=\"hidden\" name=\"sib_security\" value=\"db8681dd36\">\n\t\t\t\t<div class=\"sib_signup_box_inside_3\">\n\t\t\t\t\t<div style=\"\/*display:none*\/\" class=\"sib_msg_disp\">\n\t\t\t\t\t<\/div>\n                                            <div id=\"sib_captcha_invisible\" class=\"invi-recaptcha\" data-sitekey=\"6LcUvHEoAAAAAAzp6LuTyYK50UXjpkduNAq8aQI8\"><\/div>\n                    \t\t\t\t\t<div id=\"sib_captcha\" class=\"g-recaptcha\" data-sitekey=\"6LcUvHEoAAAAAAzp6LuTyYK50UXjpkduNAq8aQI8\"><\/div>\r\n<p class=\"sib-NOMBRE-area\"> \r\n    <label class=\"sib-NOMBRE-area\"><strong>Nombre<\/strong>*<\/label> \r\n    <input type=\"text\" class=\"sib-NOMBRE-area\" name=\"NOMBRE\" required=\"required\"> \r\n<\/p>\r\n<p class=\"sib-email-area\"> \r\n    <label class=\"sib-email-area\"><strong>Correo electr\u00f3nico<\/strong>*<\/label> \r\n    <input type=\"email\" class=\"sib-email-area\" name=\"email\" placeholder=\"\" value=\"\" required=\"required\"> \r\n<\/p>\r\n<p><strong>\r\n<label>Selecciona el espacio de tu inter\u00e9s:<\/strong><\/label><p class=\"sib-multi-lists-area\">\r\n\r\n<p class=\"sib-multi-lists-area\">\r\n<div class=\"sib-multi-lists\" data-require=\"\">\r\n<div style=\"block\"><input type=\"checkbox\" class=\"sib-interesting-lists\" value=\"19\" name=\"listIDs[]\">Familias y educaci\u00f3n<\/div>\r\n<div style=\"block\"><input type=\"checkbox\" class=\"sib-interesting-lists\" value=\"20\" name=\"listIDs[]\">Inform\u00e1tica y tecnolog\u00edas<\/div>\r\n<div style=\"block\"><input type=\"checkbox\" class=\"sib-interesting-lists\" value=\"21\" name=\"listIDs[]\">Salud, bienestar y cuerpo<\/div>\r\n<div style=\"block\"><input type=\"checkbox\" class=\"sib-interesting-lists\" value=\"22\" name=\"listIDs[]\">Feminismos y LGTBIQ+<\/div>\r\n<div style=\"block\"><input type=\"checkbox\" class=\"sib-interesting-lists\" value=\"23\" name=\"listIDs[]\">Pensamiento cr\u00edtico<\/div>\r\n<div style=\"block\"><input type=\"checkbox\" class=\"sib-interesting-lists\" value=\"24\" name=\"listIDs[]\">Inclusi\u00f3n social<\/div>\r\n<div style=\"block\"><input type=\"checkbox\" class=\"sib-interesting-lists\" value=\"25\" name=\"listIDs[]\">Arte y cultura<\/div>\r\n<div style=\"block\"><input type=\"checkbox\" class=\"sib-interesting-lists\" value=\"26\" name=\"listIDs[]\">Medio ambiente<\/div>\r\n<\/div><\/p>\r\n<p>\r\n  <label>\r\n        <input name=\"AGREE_TO_TERMS\" type=\"checkbox\" value=\"1\" required=\"\"> <a href=\"https:\/\/www.flassaders.org\/es\/privacidad\/\" target=\"_blank\">He le\u00eddo la pol\u00edtica de protecci\u00f3n de datos y la accepto<\/a>\r\n    <\/label>\r\n<\/p>    \r\n<input type=\"submit\" id=\"invisible\" class=\"sib-default-btn\" value=\"Suscribirme\">\r\n<\/p>\r\n\t\t\t\t<\/div>\n\t\t\t<\/form>\n\t\t\t<style>\n\t\t\t\tform#sib_signup_form_3 p.sib-alert-message {\n    padding: 6px 12px;\n    margin-bottom: 20px;\n    border: 1px solid transparent;\n    border-radius: 4px;\n    -webkit-box-sizing: border-box;\n    -moz-box-sizing: border-box;\n    box-sizing: border-box;\n}\nform#sib_signup_form_3 p.sib-alert-message-error {\n    background-color: #f2dede;\n    border-color: #ebccd1;\n    color: #a94442;\n}\nform#sib_signup_form_3 p.sib-alert-message-success {\n    background-color: #dff0d8;\n    border-color: #d6e9c6;\n    color: #3c763d;\n}\nform#sib_signup_form_3 p.sib-alert-message-warning {\n    background-color: #fcf8e3;\n    border-color: #faebcc;\n    color: #8a6d3b;\n}\n\t\t\t<\/style>\n\t\t\t\n<\/div><\/section><\/div>\n","protected":false},"excerpt":{"rendered":"","protected":false},"author":1,"featured_media":0,"parent":0,"menu_order":0,"comment_status":"closed","ping_status":"closed","template":"","meta":{"_bbp_topic_count":0,"_bbp_reply_count":0,"_bbp_total_topic_count":0,"_bbp_total_reply_count":0,"_bbp_voice_count":0,"_bbp_anonymous_reply_count":0,"_bbp_topic_count_hidden":0,"_bbp_reply_count_hidden":0,"_bbp_forum_subforum_count":0,"footnotes":""},"class_list":["post-14415","page","type-page","status-publish","hentry"],"_links":{"self":[{"href":"https:\/\/www.flassaders.org\/es\/wp-json\/wp\/v2\/pages\/14415","targetHints":{"allow":["GET"]}}],"collection":[{"href":"https:\/\/www.flassaders.org\/es\/wp-json\/wp\/v2\/pages"}],"about":[{"href":"https:\/\/www.flassaders.org\/es\/wp-json\/wp\/v2\/types\/page"}],"author":[{"embeddable":true,"href":"https:\/\/www.flassaders.org\/es\/wp-json\/wp\/v2\/users\/1"}],"replies":[{"embeddable":true,"href":"https:\/\/www.flassaders.org\/es\/wp-json\/wp\/v2\/comments?post=14415"}],"version-history":[{"count":3,"href":"https:\/\/www.flassaders.org\/es\/wp-json\/wp\/v2\/pages\/14415\/revisions"}],"predecessor-version":[{"id":14566,"href":"https:\/\/www.flassaders.org\/es\/wp-json\/wp\/v2\/pages\/14415\/revisions\/14566"}],"wp:attachment":[{"href":"https:\/\/www.flassaders.org\/es\/wp-json\/wp\/v2\/media?parent=14415"}],"curies":[{"name":"wp","href":"https:\/\/api.w.org\/{rel}","templated":true}]}}