{"id":14444,"date":"2017-12-07T12:51:01","date_gmt":"2017-12-07T11:51:01","guid":{"rendered":"https:\/\/www.flassaders.org\/?page_id=14444"},"modified":"2025-08-28T13:08:03","modified_gmt":"2025-08-28T11:08:03","slug":"propuestas","status":"publish","type":"page","link":"https:\/\/www.flassaders.org\/es\/propuestas\/","title":{"rendered":"Propuestas"},"content":{"rendered":"<h3 class=\"h-feature-headline h5\"><i class=\"x-icon-eye\" data-x-icon=\"\uf06e\"><\/i><span style=\"font-size: 19px;\">Participa y haznos llegar propuestas de talleres, actividades o exposiciones<\/span><\/h3>\n<p>En el Centre Flassaders contamos con una programaci\u00f3n de talleres propios o realizados en colaboraci\u00f3n con entidades y asociaciones.<\/p>\n<p>La oferta var\u00eda a lo largo del a\u00f1o. Si tienes una propuesta nos la puedes hacer llegar envi\u00e1ndonos una peque\u00f1a descripci\u00f3n que contenga los objetivos, contenidos y el perfil de personas usuarias a las que ir\u00eda destinado.<\/p>\n<p><strong> No olvide adjuntar el curr\u00edculum junto con la informaci\u00f3n de la propuesta, y enviarlo a <a href=\"mailto:flassaders.tallers@estudi6.net\">flassaders.tallers@estudi6.net<\/a><\/strong><\/p>\n","protected":false},"excerpt":{"rendered":"<p>Participa y haznos llegar propuestas de talleres, actividades o exposiciones En el Centre Flassaders contamos con una programaci\u00f3n de talleres propios o realizados en colaboraci\u00f3n con entidades y asociaciones. La oferta var\u00eda a lo largo del a\u00f1o. Si tienes una propuesta nos la puedes hacer llegar envi\u00e1ndonos una peque\u00f1a descripci\u00f3n que contenga los objetivos, contenidos [&hellip;]<\/p>\n","protected":false},"author":1,"featured_media":0,"parent":0,"menu_order":0,"comment_status":"closed","ping_status":"closed","template":"","meta":{"_bbp_topic_count":0,"_bbp_reply_count":0,"_bbp_total_topic_count":0,"_bbp_total_reply_count":0,"_bbp_voice_count":0,"_bbp_anonymous_reply_count":0,"_bbp_topic_count_hidden":0,"_bbp_reply_count_hidden":0,"_bbp_forum_subforum_count":0,"footnotes":""},"class_list":["post-14444","page","type-page","status-publish","hentry"],"_links":{"self":[{"href":"https:\/\/www.flassaders.org\/es\/wp-json\/wp\/v2\/pages\/14444","targetHints":{"allow":["GET"]}}],"collection":[{"href":"https:\/\/www.flassaders.org\/es\/wp-json\/wp\/v2\/pages"}],"about":[{"href":"https:\/\/www.flassaders.org\/es\/wp-json\/wp\/v2\/types\/page"}],"author":[{"embeddable":true,"href":"https:\/\/www.flassaders.org\/es\/wp-json\/wp\/v2\/users\/1"}],"replies":[{"embeddable":true,"href":"https:\/\/www.flassaders.org\/es\/wp-json\/wp\/v2\/comments?post=14444"}],"version-history":[{"count":11,"href":"https:\/\/www.flassaders.org\/es\/wp-json\/wp\/v2\/pages\/14444\/revisions"}],"predecessor-version":[{"id":19883,"href":"https:\/\/www.flassaders.org\/es\/wp-json\/wp\/v2\/pages\/14444\/revisions\/19883"}],"wp:attachment":[{"href":"https:\/\/www.flassaders.org\/es\/wp-json\/wp\/v2\/media?parent=14444"}],"curies":[{"name":"wp","href":"https:\/\/api.w.org\/{rel}","templated":true}]}}