{"id":14459,"date":"2020-09-15T15:11:37","date_gmt":"2020-09-15T13:11:37","guid":{"rendered":"https:\/\/www.flassaders.org\/?page_id=14459"},"modified":"2026-03-17T09:03:06","modified_gmt":"2026-03-17T08:03:06","slug":"inscripciones","status":"publish","type":"page","link":"https:\/\/www.flassaders.org\/es\/inscripciones\/","title":{"rendered":"Inscripci\u00f3n a talleres y actividades"},"content":{"rendered":"<\/div><\/div><\/div><!-- close content main div --><\/div><\/div><div id='av_section_1' class='avia-section main_color avia-section-small avia-no-border-styling av-section-color-overlay-active avia-bg-style-scroll   av-minimum-height av-minimum-height-25 container_wrap fullsize' style = 'background-color: #ffffff; '  ><div class='av-section-color-overlay-wrap'><div class='av-section-color-overlay' style='opacity: 0.2; background-color: #ffffff; '><\/div><div class='container' ><div class='template-page content  av-content-full alpha units'><div class='post-entry post-entry-type-page post-entry-14459'><div class='entry-content-wrapper clearfix'>\n<section class=\"av_textblock_section \"  itemscope=\"itemscope\" itemtype=\"https:\/\/schema.org\/CreativeWork\" ><div class='avia_textblock  '   itemprop=\"text\" ><h1 style=\"font-family: Ruda; font-size: 18pt; text-align: center;\"><span style=\"color: #000;\">INSCRIPCIONES A LOS TALLERES Y ACTIVIDADES CURSO 2025 &#8211; 2026<strong><br \/>\n<\/strong><\/span><\/h1>\n<h1 style=\"font-family: Ruda; font-size: 18pt; text-align: center;\"><strong style=\"color: #000; font-size: 18pt;\">&gt;&gt;&gt; A PARTIR DEL MARTES 17 DE MARZO A LAS 9:00 H <\/strong><\/h1>\n<h1 style=\"font-family: Ruda; font-size: 18pt; text-align: center;\"><strong style=\"color: #000; font-size: 18pt;\">(TRIMESTRE PRIMAVERA)<\/strong><\/h1>\n<\/div><\/section>\n<div class='flex_column_table av-equal-height-column-flextable -flextable' ><div class=\"flex_column av_one_full  flex_column_table_cell av-equal-height-column av-align-top first  \" style='padding:30px; background-color:#ffde59; border-radius:0px; '><section class=\"av_textblock_section \"  itemscope=\"itemscope\" itemtype=\"https:\/\/schema.org\/CreativeWork\" ><div class='avia_textblock  '   itemprop=\"text\" ><h4 style=\"font-size: 14pt; font-family: Ruda; color: #000; text-align: center;\">\u00bfQuieres saber m\u00e1s?<\/h4>\n<p style=\"text-align: center;\"><a style=\"font-size: 14pt; font-family: Muli; color: #000; text-align: center; text-decoration: underline;\" href=\"http:\/\/www.flassaders.org\/es\/programacion\/\">Consulta la programaci\u00f3n<\/a><\/p>\n<\/div><\/section><\/div><\/div><!--close column table wrapper. Autoclose: 1 --><div  class='hr hr-default  '><span class='hr-inner ' ><span class='hr-inner-style'><\/span><\/span><\/div>\n<section class=\"av_textblock_section \"  itemscope=\"itemscope\" itemtype=\"https:\/\/schema.org\/CreativeWork\" ><div class='avia_textblock  '   itemprop=\"text\" ><h4 style=\"font-size: 14pt; font-family: Muli; color: #000; text-align: center; text-decoration: underline;\"><a href=\"https:\/\/docs.google.com\/forms\/d\/e\/1FAIpQLScq_xUMkUtnTKp8-0ZfYcyE3V8Wuw-0ToIs_f6hQZdTrG1Kvw\/viewform?usp=dialog\" target=\"_blank\" rel=\"noopener\">Talleres para personas adultas<\/a><\/h4>\n<\/div><\/section>\n<div  class='hr hr-default  '><span class='hr-inner ' ><span class='hr-inner-style'><\/span><\/span><\/div>\n<section class=\"av_textblock_section \"  itemscope=\"itemscope\" itemtype=\"https:\/\/schema.org\/CreativeWork\" ><div class='avia_textblock  '   itemprop=\"text\" ><p style=\"font-size: 14pt; font-family: Ruda; color: #000000; text-align: center;\"><strong>APARTADO EXCLUSIVO PARA LOS CMSS Y OTROS SERVICIOS DE DERIVACI\u00d3N:<\/strong><\/p>\n<p>La programaci\u00f3n del Servicio de Dinamizaci\u00f3n del Centro Flassaders, incluye talleres de pago y talleres gratuitos. Para acceder a la exenci\u00f3n total de tarifa, es necesaria la realizaci\u00f3n de una derivaci\u00f3n de los interesados, por parte del servicio derivante. A continuaci\u00f3n, encontrar\u00e1 el bot\u00f3n para descargar este formulario de derivaci\u00f3n.<\/p>\n<p>Una vez rellenado y sellado, este formulario se puede enviar por correo electr\u00f3nico a flassaders.inscripcions@estudi6.net o puede presentarse f\u00edsicamente en la recepci\u00f3n del Centro Flassaders. Para m\u00e1s informaci\u00f3n: 971 21 40 27<\/p>\n<\/div><\/section>\n<div class=\"flex_column av_one_third  flex_column_div av-zero-column-padding first  \" style='border-radius:0px; '><\/div><div class=\"flex_column av_one_third  flex_column_div av-zero-column-padding   \" style='border-radius:0px; '><div class='avia-button-wrap avia-button-center '><a href='https:\/\/www.flassaders.org\/wp-content\/uploads\/2024\/01\/derivacion-exencion-pago-tarifa-centre-flassaders.pdf' class='avia-button avia-button-fullwidth   avia-icon_select-yes-left-icon avia-color-theme-color '  target=\"_blank\"  style='color:#ffffff; ' ><span class='avia_button_icon avia_button_icon_left ' aria-hidden='true' data-av_icon='\ue82d' data-av_iconfont='entypo-fontello'><\/span><span class='avia_iconbox_title' >HOJA DE DERIVACI\u00d3N<\/span><span class='avia_button_background avia-button avia-button-fullwidth avia-color-theme-color' ><\/span><\/a><\/div><\/div><div class=\"flex_column av_one_third  flex_column_div av-zero-column-padding   \" style='border-radius:0px; '><\/div>\n","protected":false},"excerpt":{"rendered":"","protected":false},"author":1,"featured_media":0,"parent":0,"menu_order":0,"comment_status":"closed","ping_status":"closed","template":"","meta":{"_bbp_topic_count":0,"_bbp_reply_count":0,"_bbp_total_topic_count":0,"_bbp_total_reply_count":0,"_bbp_voice_count":0,"_bbp_anonymous_reply_count":0,"_bbp_topic_count_hidden":0,"_bbp_reply_count_hidden":0,"_bbp_forum_subforum_count":0,"footnotes":""},"class_list":["post-14459","page","type-page","status-publish","hentry"],"_links":{"self":[{"href":"https:\/\/www.flassaders.org\/es\/wp-json\/wp\/v2\/pages\/14459","targetHints":{"allow":["GET"]}}],"collection":[{"href":"https:\/\/www.flassaders.org\/es\/wp-json\/wp\/v2\/pages"}],"about":[{"href":"https:\/\/www.flassaders.org\/es\/wp-json\/wp\/v2\/types\/page"}],"author":[{"embeddable":true,"href":"https:\/\/www.flassaders.org\/es\/wp-json\/wp\/v2\/users\/1"}],"replies":[{"embeddable":true,"href":"https:\/\/www.flassaders.org\/es\/wp-json\/wp\/v2\/comments?post=14459"}],"version-history":[{"count":28,"href":"https:\/\/www.flassaders.org\/es\/wp-json\/wp\/v2\/pages\/14459\/revisions"}],"predecessor-version":[{"id":20756,"href":"https:\/\/www.flassaders.org\/es\/wp-json\/wp\/v2\/pages\/14459\/revisions\/20756"}],"wp:attachment":[{"href":"https:\/\/www.flassaders.org\/es\/wp-json\/wp\/v2\/media?parent=14459"}],"curies":[{"name":"wp","href":"https:\/\/api.w.org\/{rel}","templated":true}]}}