{"id":14466,"date":"2022-04-26T10:13:16","date_gmt":"2022-04-26T08:13:16","guid":{"rendered":"https:\/\/www.flassaders.org\/?page_id=14466"},"modified":"2026-02-05T17:43:21","modified_gmt":"2026-02-05T16:43:21","slug":"ludoteca_","status":"publish","type":"page","link":"https:\/\/www.flassaders.org\/es\/ludoteca_\/","title":{"rendered":"Ludoteca"},"content":{"rendered":"<div class=\"flex_column av_one_full  flex_column_div av-zero-column-padding first  \" style='border-radius:0px; '><div class='avia-image-container  av-styling-    avia-align-center '  itemprop=\"ImageObject\" itemscope=\"itemscope\" itemtype=\"https:\/\/schema.org\/ImageObject\"  ><div class='avia-image-container-inner'><img class='avia_image ' src='https:\/\/www.flassaders.org\/wp-content\/uploads\/2022\/04\/cabecera-ludoteca.jpg' alt='' title='cabecera-ludoteca'   itemprop=\"thumbnailUrl\"  \/><\/div><\/div><\/div>\n<div class=\"flex_column av_one_full  flex_column_div first  \" ><section class=\"av_textblock_section \"  itemscope=\"itemscope\" itemtype=\"https:\/\/schema.org\/CreativeWork\" ><div class='avia_textblock  '   itemprop=\"text\" ><div style=\"background-color: red; color: white; font-weight: bold; padding: 15px; text-align: center;\">\u00a1ATENCI\u00d3N! TEMPORALMENTE FUERA DE SERVICIO<\/div>\n<p style=\"text-align: left;\"><span style=\"font-size: 12pt;\">En la ludoteca del centro encontrar\u00e9is varios ambientes de juego y aprendizaje para que tanto ni\u00f1as, ni\u00f1os y familias, pasen un rato enriquecedor. La ludoteca de Flassaders ha realizado una selecci\u00f3n de juegos y materiales did\u00e1cticos orientada a la promoci\u00f3n de los valores de la coeducaci\u00f3n entendiendo el juego como un instrumento educativo.<\/span><\/p>\n<p style=\"text-align: left;\"><span style=\"font-size: 12pt;\"><br \/>\nEn la ludoteca encontrar\u00e9is: un rinc\u00f3n creativo, un rinc\u00f3n para la lectura y para contar historias, un rinc\u00f3n de autoconocimiento mediante el juego simb\u00f3lico para construir imaginarios e identidades, una zona de construcci\u00f3n con piezas de madera y un rinc\u00f3n de experimentaci\u00f3n para conocer muchas cosas sobre el mundo que nos rodea. <\/span><\/p>\n<p style=\"text-align: left;\"><span style=\"font-size: 12pt;\">La ludoteca ofrece los servicios de:<\/span><\/p>\n<\/div><\/section><\/div><div class=\"flex_column av_one_half  flex_column_div av-zero-column-padding first  \" style='border-radius:0px; '><div class='avia-button-wrap avia-button-center '><a href='#espaidejoc' class='avia-button   avia-icon_select-no avia-color-custom avia-size-large avia-position-center '  style='background-color:#dee4c6; border-color:#dee4c6; color:#000000; ' ><span class='avia_iconbox_title' >ESPACIO DE JUEGO EN FAM\u00cdLIA<\/span><\/a><\/div><\/div><\/p>\n<div class=\"flex_column av_one_half  flex_column_div av-zero-column-padding   \" style='border-radius:0px; '><div class='avia-button-wrap avia-button-center '><a href='#tempsxtu' class='avia-button   avia-icon_select-no avia-color-custom avia-size-large avia-position-center '  style='background-color:#e5f5a4; border-color:#e5f5a4; color:#000000; ' ><span class='avia_iconbox_title' >TEMPSXTU<\/span><\/a><\/div><\/div>\n<div  class='hr hr-default  '><span class='hr-inner ' ><span class='hr-inner-style'><\/span><\/span><\/div>\n<div class=\"flex_column av_one_full  flex_column_div first  \" style='padding:15px 5px 10px 5px ; background-color:#dee4c6; border-radius:0x; '><div style='padding-bottom:5px;color:#000000;' class='av-special-heading av-special-heading-h1 custom-color-heading blockquote modern-quote modern-centered  '><h1 class='av-special-heading-tag '  itemprop=\"headline\"  ><\/p>\n<div id=\"espaidejoc\">Espacio de juego en fam\u00edlia<\/div>\n<p><\/h1><div class='special-heading-border'><div class='special-heading-inner-border' style='border-color:#000000'><\/div><\/div><\/div><\/div>\n<div class=\"flex_column av_three_fifth  flex_column_div av-zero-column-padding first  \" style='border-radius:0px; '><section class=\"av_textblock_section \"  itemscope=\"itemscope\" itemtype=\"https:\/\/schema.org\/CreativeWork\" ><div class='avia_textblock  '   itemprop=\"text\" ><h3><strong>Espacio de juego en fam\u00edlia<\/strong><\/h3>\n<p>Un espacio para el juego y el encuentro de ni\u00f1as y ni\u00f1os de 0 a 6 a\u00f1os en compa\u00f1\u00eda de sus familiares.<\/p>\n<p>En la ludoteca encontrar\u00e9is una selecci\u00f3n de juegos y juguetes para diferentes edades y ambientes seleccionados para experimentar, disfrutar, compartir y aprender.<\/p>\n<h3><strong>\u00bfQu\u00e9 m\u00e1s hay que saber?<\/strong><\/h3>\n<p>Si la ludoteca est\u00e1 cerrada se tiene que pedir la llave a la recepci\u00f3n del Centro Flassaders.<br \/>\nLa ratio de atenci\u00f3n no superar\u00e1 las 20 personas.<br \/>\nLos cochecitos de beb\u00e9s as\u00ed como triciclos o patinetes se tienen que dejar en los espacios<br \/>\nhabilitados.<br \/>\nPor motivos de higiene no se permite la ingesta de comida en el interior de la ludoteca ni<br \/>\ndejar los pa\u00f1ales en las basuras interiores del espacio. El centro Flassaders dispone de<br \/>\nespacios para poder merendar y dep\u00f3sitos para pa\u00f1ales en los ba\u00f1os.<\/p>\n<h3>Criterios de uso<\/h3>\n<p>1. Los\/las menores tienen que estar acompa\u00f1ados\/as de manera permanente por una persona adulta que asuma la responsabilidad de cura del\/la menor en todo momento.<\/p>\n<p>2. El espacio se dirige exclusivamente a familias y menores de 0 a 6 a\u00f1os.<\/p>\n<p>3. Para evitar la posibilidad de contagios, no se puede hacer uso del espacio en caso de enfermedad del\/la menor o de alg\u00fan miembro familiar.<\/p>\n<p>4. Se tiene que respetar el horario de apertura y cierre del espacio.<\/p>\n<p>5. Se tiene que notificar cualquier cambio de los datos aportados a la inscripci\u00f3n.<\/p>\n<p>6. No se puede consumir bebida ni comer dentro de la ludoteca.<\/p>\n<p>7. No se pueden dejar pa\u00f1ales sucios en las basuras de la ludoteca.<\/p>\n<p>8. Las acciones u omisiones que infrinjan los criterios de funcionamiento y de<br \/>\ncomportamiento del servicio ser\u00e1n clasificadas en faltas leves, graves y muy graves, y<br \/>\npodr\u00e1n ser sancionadas. Para mayor informaci\u00f3n se puede consultar la normativa interna<br \/>\ndisponible en la recepci\u00f3n del centro.<\/p>\n<\/div><\/section><\/div>\n<div class=\"flex_column av_two_fifth  flex_column_div av-zero-column-padding   \" style='border-radius:0px; '><p><div style='padding-bottom:0px;' class='av-special-heading av-special-heading-h2     '><h2 class='av-special-heading-tag '  itemprop=\"headline\"  >Horario Espacio de juego en fam\u00edlia<\/h2><div class='special-heading-border'><div class='special-heading-inner-border' ><\/div><\/div><\/div><br \/>\n<div class='avia-table main_color avia-pricing-table-container  avia_pricing_default  avia-table-1 '  itemscope=\"itemscope\" itemtype=\"https:\/\/schema.org\/Table\" ><div class='pricing-table-wrap'><ul class='pricing-table avia-center-col'><li class=''><div class='first-table-item'>De lunes a viernes de 09:00 a 14:30 h.<\/div><span class='pricing-extra'><\/span><\/li><\/ul><\/div><\/div><br \/>\n<div style='padding-bottom:0px;' class='av-special-heading av-special-heading-h2     '><h2 class='av-special-heading-tag '  itemprop=\"headline\"  >C\u00f3mo acceder<\/h2><div class='special-heading-border'><div class='special-heading-inner-border' ><\/div><\/div><\/div><br \/>\n<div class='avia-table main_color avia-pricing-table-container  avia_pricing_default  avia-table-2 '  itemscope=\"itemscope\" itemtype=\"https:\/\/schema.org\/Table\" ><div class='pricing-table-wrap'><ul class='pricing-table '><li class=''><div class='first-table-item'>La persona adulta que acompa\u00f1a al\/ la menor tiene que asumir la responsabilidad de supervisi\u00f3n y cuidado en todo momento.<\/div><span class='pricing-extra'><\/span><\/li><li class=''>La primera vez que se haga uso del servicio se rellenar\u00e1 un formulario de inscripci\u00f3n con datos del ni\u00f1o y de la persona adulta responsable. Las posteriores veces no ser\u00e1 necesario rellenar el formulario, simplemente comunicar a la recepci\u00f3n el uso del espacio para el control de aforos y a efectos estad\u00edsticos.<\/li><\/ul><\/div><\/div><br \/>\n<div class='avia-button-wrap avia-button-center '><a href='https:\/\/www.flassaders.org\/wp-content\/uploads\/2024\/02\/cast-inscripcion-espai-joc-familia.pdf' class='avia-button avia-button-fullwidth   avia-icon_select-yes-left-icon avia-color-theme-color '  target=\"_blank\"  style='color:#ffffff; ' ><span class='avia_button_icon avia_button_icon_left ' aria-hidden='true' data-av_icon='\ue82d' data-av_iconfont='entypo-fontello'><\/span><span class='avia_iconbox_title' >HOJA DE INSCRIPCI\u00d3N JUEGO EN FAM\u00cdLIA<\/span><span class='avia_button_background avia-button avia-button-fullwidth avia-color-theme-color' ><\/span><\/a><\/div><\/p><\/div>\n<div  class='hr hr-default  '><span class='hr-inner ' ><span class='hr-inner-style'><\/span><\/span><\/div>\n<div class=\"flex_column av_one_full  flex_column_div first  \" style='padding:15px 5px 10px 5px ; background-color:#e5f5a4; border-radius:0px; '><div style='padding-bottom:5px;color:#000000;' class='av-special-heading av-special-heading-h1 custom-color-heading blockquote modern-quote modern-centered  '><h1 class='av-special-heading-tag '  itemprop=\"headline\"  ><\/p>\n<div id=\"tempsxtu\">Tempsxtu<\/div>\n<p><\/h1><div class='special-heading-border'><div class='special-heading-inner-border' style='border-color:#000000'><\/div><\/div><\/div><\/div>\n<div class=\"flex_column av_three_fifth  flex_column_div av-zero-column-padding first  \" style='border-radius:0px; '><section class=\"av_textblock_section \"  itemscope=\"itemscope\" itemtype=\"https:\/\/schema.org\/CreativeWork\" ><div class='avia_textblock  '   itemprop=\"text\" ><h3><strong>\u00bfQu\u00e9 es Tempsxtu?<\/strong><\/h3>\n<p>Tempsxtu es un espacio para la conciliaci\u00f3n de la vida personal y familiar de las familias con ni\u00f1as y ni\u00f1os de 3 a 9 a\u00f1os. Ofrece a las familias la posibilidad de disponer de un tiempo propio, que a la vez es un tiempo de juego y aprendizaje.<\/p>\n<p>Todas las tareas desarrolladas promueven la educaci\u00f3n para la ig<a href=\"https:\/\/www.flassaders.org\/wp-content\/uploads\/2024\/01\/febrero-ludoteca-cast.png\">ualdad y atenci\u00f3n a la diversidad, bien con car\u00e1cter espec\u00edfico o bi<\/a>en de manera transversal. Se incorpora tambi\u00e9n el proyecto de \u201cMerienda Saludable\u201d para aplicar a las meriendas.<\/p>\n<h3><strong>\u00bfQu\u00e9 m\u00e1s hay que saber?<\/strong><\/h3>\n<p>Las familias pueden hacer uso del servicio un m\u00e1ximo de dos d\u00edas semanales por menor (con un m\u00e1ximo de dos s\u00e1bados al mes).<br \/>\nPara acceder por primera vez al servicio se tiene que rellenar el formulario de inscripci\u00f3n y adjuntar la documentaci\u00f3n. Este tr\u00e1mite se puede hacer de manera presencial o telem\u00e1tica (<a href=\"mailto:flassaders.inscripcions@estudi6.net\">flassaders.inscripcions@estudi6.net<\/a>), haciendo llegar la documentaci\u00f3n de manera digital. En el formulario se tiene que adjuntar la siguiente documentaci\u00f3n:<br \/>\n\u2013 Tarjeta sanitaria del\/la menor<br \/>\n\u2013 Foto del\/la menor<\/p>\n<\/div><\/section><br \/>\n<section class=\"av_textblock_section \"  itemscope=\"itemscope\" itemtype=\"https:\/\/schema.org\/CreativeWork\" ><div class='avia_textblock  '   itemprop=\"text\" ><h3>Criterios de uso<\/h3>\n<p>1. La utilizaci\u00f3n m\u00e1xima del servicio es de dos d\u00edas semanales por menor ( con un m\u00e1ximo de dos s\u00e1bados en el mes).<\/p>\n<p>2. Se pide puntualidaden el horario de recogida del\/la menor.<\/p>\n<p>3. Ning\u00fan menor puede salir del centro sin la compa\u00f1\u00eda de una persona adulta autorizada.<\/p>\n<p>4. En caso de que una tercera persona tenga que recoger al\/la menor se tiene que autorizar previamente y se tiene que identificar correctamente.<\/p>\n<p>5. Las familias tienen que facilitar todo lo que consideren necesario para el bienestar del\/la menor durante su permanencia en el centro.<\/p>\n<p>6. Para evitar la posibilidad de contagios, no se puede hacer uso del espacio en caso de enfermedad del\/la menor.<\/p>\n<p>7. El personal que atiende el servicio no puede hacerse cargo de los\/las menores una vez acabado el horario de atenci\u00f3n. Si no se puede contactar con las personas adultas responsables se pondr\u00e1 en marcha el protocolo de incidencias.<\/p>\n<p>8. Se tiene que notificar cualquier cambio de los datos aportados a la inscripci\u00f3n.<\/p>\n<p>9. La ausencia injustificada en dos o m\u00e1s ocasiones dentro de un mismo mes ser\u00e1n sancionadas con la p\u00e9rdida del derecho al uso del servicio Tempsxtu por un plazo de un mes.<\/p>\n<p>10. Siguiendo el proyecto de \u201cMeriendas Saludables\u201d se recomienda llevar agua y fruta.<\/p>\n<p>11. Las acciones u omisiones que infrinjan los criterios de funcionamiento y de comportamiento del servicio ser\u00e1n clasificadas en faltas leves, graves y muy graves, y podr\u00e1n ser sancionadas. Para mayor informaci\u00f3n se puede consultar la normativa interna disponible en la recepci\u00f3n del centro.<\/p>\n<\/div><\/section><\/p><\/div>\n<div class=\"flex_column av_two_fifth  flex_column_div av-zero-column-padding   \" style='border-radius:0px; '><p><div style='padding-bottom:0px;' class='av-special-heading av-special-heading-h2     '><h2 class='av-special-heading-tag '  itemprop=\"headline\"  >Horario Tempsxtu<\/h2><div class='special-heading-border'><div class='special-heading-inner-border' ><\/div><\/div><\/div><br \/>\n<div class='avia-table main_color avia-pricing-table-container  avia_pricing_default  avia-table-3 '  itemscope=\"itemscope\" itemtype=\"https:\/\/schema.org\/Table\" ><div class='pricing-table-wrap'><ul class='pricing-table avia-center-col'><li class=''><div class='first-table-item'>De lunes a viernes de 16:30 a 19:30 h.<\/div><span class='pricing-extra'><\/span><\/li><li class=''>S\u00e1bados por la ma\u00f1ana de 10:00 a 13:30 h.<\/li><\/ul><\/div><\/div><br \/>\n<div style='padding-bottom:0px;' class='av-special-heading av-special-heading-h2     '><h2 class='av-special-heading-tag '  itemprop=\"headline\"  >Precio Tempsxtu<\/h2><div class='special-heading-border'><div class='special-heading-inner-border' ><\/div><\/div><\/div><br \/>\n<div class='avia-table main_color avia-pricing-table-container  avia_pricing_default  avia-table-4 '  itemscope=\"itemscope\" itemtype=\"https:\/\/schema.org\/Table\" ><div class='pricing-table-wrap'><ul class='pricing-table '><li class=''><div class='first-table-item'>Cada vez que se hace uso del servicio se tiene que abonar una cuota de 2 \u20ac por d\u00eda. Esta cuota tiene la consideraci\u00f3n de tarifa familiar. Se tiene que pagar en met\u00e1lico en la recepci\u00f3n del Centro Flassaders.<\/div><span class='pricing-extra'><\/span><\/li><\/ul><\/div><\/div><br \/>\n<div style='padding-bottom:0px;' class='av-special-heading av-special-heading-h2     '><h2 class='av-special-heading-tag '  itemprop=\"headline\"  >C\u00f3mo acceder<\/h2><div class='special-heading-border'><div class='special-heading-inner-border' ><\/div><\/div><\/div><br \/>\n<div class='avia-table main_color avia-pricing-table-container  avia_pricing_default  avia-table-5 '  itemscope=\"itemscope\" itemtype=\"https:\/\/schema.org\/Table\" ><div class='pricing-table-wrap'><ul class='pricing-table '><li class=''><div class='first-table-item'>Para acceder por primera vez al servicio se tiene que rellenar el formulario de inscripci\u00f3n y adjuntar la documentaci\u00f3n. Este tr\u00e1mite se puede hacer de manera presencial o telem\u00e1tica, enviando la documentaci\u00f3n de manera digital. Al formulario se tiene que adjuntar la siguiente documentaci\u00f3n:<br \/>\n\u2013 Tarjeta sanitaria del\/la menor<br \/>\n\u2013 Foto del\/la menor<\/p>\n<p><\/div><span class='pricing-extra'><\/span><\/li><li class=''>Una vez que el servicio dispone del formulario de inscripci\u00f3n de la\/el menor y de las autorizaciones, se puede formular una solicitud de plaza facilitando simplemente los datos de identificaci\u00f3n por tel\u00e9fono al 971 21 40 27 o de manera presencial a recepci\u00f3n.<br \/>\nSiempre que haya disponibilidad de plazas vacantes tambi\u00e9n se puede hacer uso inmediato del servicio sin reserva previa.<\/li><\/ul><\/div><\/div><br \/>\n<div class='avia-button-wrap avia-button-center '><a href='https:\/\/www.flassaders.org\/wp-content\/uploads\/2024\/02\/inscripcion-tempsxtu-cast.pdf' class='avia-button avia-button-fullwidth   avia-icon_select-yes-left-icon avia-color-theme-color '  target=\"_blank\"  style='color:#ffffff; ' ><span class='avia_button_icon avia_button_icon_left ' aria-hidden='true' data-av_icon='\ue82d' data-av_iconfont='entypo-fontello'><\/span><span class='avia_iconbox_title' >HOJA DE INSCRIPCI\u00d3N TEMPSXTU<\/span><span class='avia_button_background avia-button avia-button-fullwidth avia-color-theme-color' ><\/span><\/a><\/div><br \/>\n<div style='height:20px' class='hr hr-invisible  '><span class='hr-inner ' ><span class='hr-inner-style'><\/span><\/span><\/div><br \/>\n<div class='avia-button-wrap avia-button-center '><a href='https:\/\/www.flassaders.org\/wp-content\/uploads\/2024\/02\/derivacion-exencion-pago-tarifa-centre-flassaders.pdf' class='avia-button avia-button-fullwidth   avia-icon_select-yes-left-icon avia-color-theme-color '  style='color:#ffffff; ' ><span class='avia_button_icon avia_button_icon_left ' aria-hidden='true' data-av_icon='\ue82d' data-av_iconfont='entypo-fontello'><\/span><span class='avia_iconbox_title' >HOJA DERIVACI\u00d3N<\/span><span class='avia_button_background avia-button avia-button-fullwidth avia-color-theme-color' ><\/span><\/a><\/div><\/p><\/div>\n<div  class='hr hr-default  '><span class='hr-inner ' ><span class='hr-inner-style'><\/span><\/span><\/div>\n<section class=\"av_textblock_section \"  itemscope=\"itemscope\" itemtype=\"https:\/\/schema.org\/CreativeWork\" ><div class='avia_textblock  '   itemprop=\"text\" ><h1>HORARIO LUDOTECA<\/h1>\n<\/div><\/section>\n<div class='avia-data-table-wrap avia_responsive_table'><table class='avia-table avia-data-table avia-table-6  avia_pricing_default '  itemscope=\"itemscope\" itemtype=\"https:\/\/schema.org\/Table\" ><tbody><tr class='avia-heading-row'><th class='avia-highlight-col'>HORAS<\/th><th class='avia-center-col'>LUNES<\/th><th class='avia-center-col'>MARTES<\/th><th class='avia-center-col'>MI\u00c9RCOLES<\/th><th class='avia-center-col'>JUEVES<\/th><th class='avia-center-col'>VIERNES<\/th><th class='avia-highlight-col'>HORAS<\/th><th class='avia-center-col'>S\u00c1BADO<\/th><\/tr><tr class=''><td class='avia-highlight-col'>09:00 A 14:30<\/td><td class='avia-center-col'>ESPACIO DE JUEGO EN FAM\u00cdLIA<\/td><td class='avia-center-col'>ESPACIO DE JUEGO EN FAM\u00cdLIA<\/td><td class='avia-center-col'>ESPACIO DE JUEGO EN FAM\u00cdLIA<\/td><td class='avia-center-col'>ESPACIO DE JUEGO EN FAM\u00cdLIA<\/td><td class='avia-center-col'>ESPACIO DE JUEGO EN FAM\u00cdLIA<\/td><td class='avia-highlight-col'>10:00 A 13:30<\/td><td class='avia-center-col'>TEMPSXTU<\/td><\/tr><tr class=''><td class='avia-highlight-col'>16:30 A 19:30<\/td><td class='avia-center-col'>TEMPSXTU<\/td><td class='avia-center-col'>TEMPSXTU<\/td><td class='avia-center-col'>TEMPSXTU<\/td><td class='avia-center-col'>TEMPSXTU<\/td><td class='avia-center-col'>TEMPSXTU<\/td><td class='avia-highlight-col'><\/td><td class='avia-center-col'><\/td><\/tr><\/tbody><\/table><\/div><style type='text\/css'>.avia-table-6 td:nth-of-type(1):before { content: 'HORAS'; } .avia-table-6 td:nth-of-type(2):before { content: 'LUNES'; } .avia-table-6 td:nth-of-type(3):before { content: 'MARTES'; } .avia-table-6 td:nth-of-type(4):before { content: 'MI\u00c9RCOLES'; } .avia-table-6 td:nth-of-type(5):before { content: 'JUEVES'; } .avia-table-6 td:nth-of-type(6):before { content: 'VIERNES'; } .avia-table-6 td:nth-of-type(7):before { content: 'HORAS'; } .avia-table-6 td:nth-of-type(8):before { content: 'S\u00c1BADO'; } <\/style>\n<section class=\"av_textblock_section \"  itemscope=\"itemscope\" itemtype=\"https:\/\/schema.org\/CreativeWork\" ><div class='avia_textblock  '   itemprop=\"text\" ><p>&gt;&gt;&gt; AGOSTO CERRADO<\/p>\n<\/div><\/section>\n","protected":false},"excerpt":{"rendered":"","protected":false},"author":1,"featured_media":0,"parent":0,"menu_order":0,"comment_status":"closed","ping_status":"closed","template":"","meta":{"_bbp_topic_count":0,"_bbp_reply_count":0,"_bbp_total_topic_count":0,"_bbp_total_reply_count":0,"_bbp_voice_count":0,"_bbp_anonymous_reply_count":0,"_bbp_topic_count_hidden":0,"_bbp_reply_count_hidden":0,"_bbp_forum_subforum_count":0,"footnotes":""},"class_list":["post-14466","page","type-page","status-publish","hentry"],"_links":{"self":[{"href":"https:\/\/www.flassaders.org\/es\/wp-json\/wp\/v2\/pages\/14466","targetHints":{"allow":["GET"]}}],"collection":[{"href":"https:\/\/www.flassaders.org\/es\/wp-json\/wp\/v2\/pages"}],"about":[{"href":"https:\/\/www.flassaders.org\/es\/wp-json\/wp\/v2\/types\/page"}],"author":[{"embeddable":true,"href":"https:\/\/www.flassaders.org\/es\/wp-json\/wp\/v2\/users\/1"}],"replies":[{"embeddable":true,"href":"https:\/\/www.flassaders.org\/es\/wp-json\/wp\/v2\/comments?post=14466"}],"version-history":[{"count":17,"href":"https:\/\/www.flassaders.org\/es\/wp-json\/wp\/v2\/pages\/14466\/revisions"}],"predecessor-version":[{"id":20571,"href":"https:\/\/www.flassaders.org\/es\/wp-json\/wp\/v2\/pages\/14466\/revisions\/20571"}],"wp:attachment":[{"href":"https:\/\/www.flassaders.org\/es\/wp-json\/wp\/v2\/media?parent=14466"}],"curies":[{"name":"wp","href":"https:\/\/api.w.org\/{rel}","templated":true}]}}