{"id":14491,"date":"2022-03-24T17:15:36","date_gmt":"2022-03-24T16:15:36","guid":{"rendered":"https:\/\/www.flassaders.org\/?page_id=14491"},"modified":"2024-01-18T19:51:11","modified_gmt":"2024-01-18T18:51:11","slug":"cookies_","status":"publish","type":"page","link":"https:\/\/www.flassaders.org\/es\/cookies_\/","title":{"rendered":"Cookies"},"content":{"rendered":"<div class=\"flex_column av_one_full  flex_column_div av-zero-column-padding first  \" style='border-radius:0px; '><div style='padding-bottom:10px;' class='av-special-heading av-special-heading-h1    '><h1 class='av-special-heading-tag '  itemprop=\"headline\"  >\u00bfPARA QU\u00c9 UTILIZAMOS COOKIES Y TRATAMOS DATOS DE NAVEGACI\u00d3N?<\/h1><div class='special-heading-border'><div class='special-heading-inner-border' ><\/div><\/div><\/div><\/div><section class=\"av_textblock_section \"  itemscope=\"itemscope\" itemtype=\"https:\/\/schema.org\/CreativeWork\" ><div class='avia_textblock  '   itemprop=\"text\" ><p>En esta Web utilizamos cookies.<\/p>\n<p>Usted puede decidir si acepta o no la instalaci\u00f3n de las mismas. En caso de desactivar las cookies, es posible que no pueda hacer uso de todas las funcionalidades de la web.<\/p>\n<p><strong>\u00bfQu\u00e9 es una cookie?<\/strong><br \/>\nUna cookie es un fichero que las webs transfieren a los equipos que se conectan a ellas. Si bien a menudo los prop\u00f3sitos de las cookies son solo t\u00e9cnicos, tambi\u00e9n pueden permitir, entre otras cosas, almacenar y recuperar informaci\u00f3n sobre los h\u00e1bitos de navegaci\u00f3n de un usuario o de su equipo y, dependiendo de la informaci\u00f3n que contengan y de la forma en que utilice su equipo, utilizarse para reconocer al usuario.<br \/>\nExisten cookies que son controladas y gestionadas por el propio titular de la Web (son llamadas \u201ccookies propias\u201d) y otras que lo son por terceros (son conocidas como \u201ccookies de terceros\u201d), por ejemplo, porque estos proporcionan una herramienta o una funcionalidad integrada a la web.<br \/>\nCiertas cookies se cancelan una vez finalizada la navegaci\u00f3n en la web (cookies de sesi\u00f3n) mientras que otras pueden seguir almacenadas en el equipo de los usuarios y ser accedidas por un periodo m\u00e1s largo (cookies persistentes).<\/p>\n<p><strong>\u00bfQu\u00e9 tipo de cookies utilizamos y para qu\u00e9?<\/strong><\/p>\n<p>En esta Web utilizamos el siguiente tipo de cookies:<\/p>\n<p><strong>1. Cookies t\u00e9cnicas o indispensables por la prestaci\u00f3n de los servicios<\/strong><br \/>\nUtilizamos cookies t\u00e9cnicas para poder prestar los servicios solicitados por nuestros usuarios. Estas cookies son indispensables para la navegaci\u00f3n y la utilizaci\u00f3n de las diferentes opciones y servicios de la web, como, por ejemplo, controlar el tr\u00e1fico y la comunicaci\u00f3n de datos, identificar la sesi\u00f3n, acceder a partes de acceso restringido, recordar la informaci\u00f3n que el usuario proporciona en los formularios rellenados, utilizar elementos de seguridad durante la navegaci\u00f3n o compartir contenidos a trav\u00e9s de redes sociales.<\/p>\n<p><strong>2. Cookies de personalizadas<\/strong><br \/>\nCon el fin de optimizar la experiencia de uso de nuestra web, utilizamos cookies de personalizaci\u00f3n que nos permiten configurar la web y sus servicios seg\u00fan las preferencias del usuario o a caracter\u00edsticas generales de su equipo, por ejemplo, el navegador utilizado y su versi\u00f3n, el sistema operativo instalado, etc.<br \/>\nEstas cookies se utilizan, por ejemplo, para recordar los par\u00e1metros que fueron elegidos por el usuario durante sus visitas, orientar el contenido de la web en funci\u00f3n de su idioma o ubicaci\u00f3n o mantener el estado acreditado de los usuarios registrados.<\/p>\n<p><strong>3. Cookies de an\u00e1lisis<\/strong><br \/>\nLas cookies de an\u00e1lisis permiten medir y analizar la actividad de los sitios web y elaborar perfiles de navegaci\u00f3n de los usuarios.<br \/>\nUtilizamos las cookies de GOOGLE ANALYTICS para recopilar estad\u00edsticas an\u00f3nimas y conjuntas que nos permitan comprender la forma en que los usuarios utilizan nuestra web, con el fin de mejorarla y ajustarla a las preferencias de nuestros visitantes.<br \/>\nGOOGLE ANALYTICS es una herramienta provista por la empresa Google, Inc.1600 Amphitheatre Parkway. Mountain View, CA 94043. EE. UU. Puede obtener m\u00e1s informaci\u00f3n sobre el funcionamiento de GOOGLE ANALYTICS y las cookies utilizadas por este servicio en los siguientes enlaces:<br \/>\n\u2022 https:\/\/support.google.com\/analytics\/answer\/6004245<br \/>\n\u2022 http:\/\/www.google.com\/intl\/es\/policies\/privacy\/<\/p>\n<p>Puede desactivar las cookies de GOOGLE ANALYTICS mediante la instalaci\u00f3n en su navegador del complemento de inhabilitaci\u00f3n creado por Google y disponible en el siguiente enlace: https:\/\/tools.google.com\/dlpage\/gaoptout?hl=es<\/p>\n<p>T\u00edpicamente los datos derivados de su navegaci\u00f3n que pueden ser objeto de an\u00e1lisis son los siguientes:<br \/>\n\u2013 El nombre de dominio del proveedor (PSI) y\/o direcci\u00f3n IP que los da acceso a la red. Por ejemplo, un usuario del proveedor equis solo estar\u00e1 identificado con el dominio ics.es y\/o la direcci\u00f3n IP. De este modo podemos elaborar estad\u00edsticas sobre los pa\u00edses y servidores que visitan m\u00e1s a menudo nuestro web.<br \/>\n\u2013 La fecha y hora de acceso en nuestro web. Esto nos permite averiguar las horas de m\u00e1s afluencia, y hacer los ajustes precisos para evitar problemas de saturaci\u00f3n en nuestras horas punta.<br \/>\n\u2013 La direcci\u00f3n de internet desde la cual parti\u00f3 el link que dirige a nuestra web. Gracias a este dato, podemos conocer la efectividad de los diferentes banners y enlaces que apuntan a nuestro servidor, con el fin de potenciar los que ofrezcan mejores resultados.<br \/>\n\u2013 El n\u00famero de visitantes diarios de cada secci\u00f3n. Esto nos permite conocer las \u00e1reas de m\u00e1s \u00e9xito y aumentar y mejorar su contenido, con el fin de que los usuarios obtengan un resultado m\u00e1s satisfactorio.<\/p>\n<p><strong>\u00bfSon an\u00f3nimas las cookies?<\/strong><br \/>\nLas cookies no contienen informaci\u00f3n que permita por s\u00ed sola identificar a un usuario concreto. Respecto a nosotros, la informaci\u00f3n obtenida s\u00f3lo podr\u00e1 ser asociada a un usuario concreto en caso de que este usuario est\u00e9 identificado en la web. En este caso, estos datos ser\u00e1n tratados de conformidad con la pol\u00edtica de privacidad de la Web, cumpliendo a todo momento con las exigencias de la normativa vigente en materia de protecci\u00f3n de datos de car\u00e1cter personal. En cualquier momento los usuarios afectados podr\u00e1n ejercer su derecho a acceder, rectificar y suprimir los datos, as\u00ed como otros derechos como se explica en la citada pol\u00edtica de privacidad.<\/p>\n<p><strong>\u00bfC\u00f3mo puedo gestionar las cookies?<\/strong><br \/>\nLos usuarios de la web tienen la opci\u00f3n de no recibir cookies, borrarlas o de ser informados sobre su fijaci\u00f3n mediante la configuraci\u00f3n de su navegador. Por saber c\u00f3mo gestionar las cookies en su navegador, le invitamos al hecho que consulte la ayuda del mismo.<\/p>\n<p>Para su comodidad, a continuaci\u00f3n encontrar\u00e1 informaci\u00f3n proporcionada por los desarrolladores de los principales navegadores sobre la gesti\u00f3n de cookies:<\/p>\n<p>\u2022 Chrome: http:\/\/support.google.com\/chrome\/bin\/answer.py?hl=es&amp;answer=95647<br \/>\n\u2022 Explorer, http:\/\/windows.microsoft.com\/es-es\/windows-vista\/block-or-allow-cookies<br \/>\n\u2022 Firefox: https:\/\/support.mozilla.org\/es\/kb\/habilitar-y-deshabilitar-cookies-sitios-web-rastrear-preferencias<br \/>\n\u2022 Safari: https:\/\/support.apple.com\/kb\/index?q=manage+cookies&amp;src=globalnav_support&amp;type=organic&amp;page=search&amp;locale=se_SE<\/p>\n<p>Para controlar los p\u00edxeles o c\u00f3digos de seguimiento incluidos en los correos electr\u00f3nicos, puede configurar su cliente de correo electr\u00f3nico para que no descargue contenido remoto o im\u00e1genes de forma autom\u00e1tica.<\/p>\n<p>Para inhabilitar el uso de cookies publicitarias de terceros, los usuarios pueden igualmente visitar la p\u00e1gina de inhabilitaci\u00f3n de la Iniciativa publicitaria de la red (NAI, Network Advertising Initiative. P\u00e1gina en ingl\u00e9s: http:\/\/www.networkadvertising.org\/managing\/opt_out.asp).<\/p>\n<\/div><\/section><\/p>\n","protected":false},"excerpt":{"rendered":"","protected":false},"author":1,"featured_media":0,"parent":0,"menu_order":0,"comment_status":"closed","ping_status":"closed","template":"","meta":{"_bbp_topic_count":0,"_bbp_reply_count":0,"_bbp_total_topic_count":0,"_bbp_total_reply_count":0,"_bbp_voice_count":0,"_bbp_anonymous_reply_count":0,"_bbp_topic_count_hidden":0,"_bbp_reply_count_hidden":0,"_bbp_forum_subforum_count":0,"footnotes":""},"class_list":["post-14491","page","type-page","status-publish","hentry"],"_links":{"self":[{"href":"https:\/\/www.flassaders.org\/es\/wp-json\/wp\/v2\/pages\/14491","targetHints":{"allow":["GET"]}}],"collection":[{"href":"https:\/\/www.flassaders.org\/es\/wp-json\/wp\/v2\/pages"}],"about":[{"href":"https:\/\/www.flassaders.org\/es\/wp-json\/wp\/v2\/types\/page"}],"author":[{"embeddable":true,"href":"https:\/\/www.flassaders.org\/es\/wp-json\/wp\/v2\/users\/1"}],"replies":[{"embeddable":true,"href":"https:\/\/www.flassaders.org\/es\/wp-json\/wp\/v2\/comments?post=14491"}],"version-history":[{"count":2,"href":"https:\/\/www.flassaders.org\/es\/wp-json\/wp\/v2\/pages\/14491\/revisions"}],"predecessor-version":[{"id":16431,"href":"https:\/\/www.flassaders.org\/es\/wp-json\/wp\/v2\/pages\/14491\/revisions\/16431"}],"wp:attachment":[{"href":"https:\/\/www.flassaders.org\/es\/wp-json\/wp\/v2\/media?parent=14491"}],"curies":[{"name":"wp","href":"https:\/\/api.w.org\/{rel}","templated":true}]}}