{"id":18196,"date":"2024-07-11T11:23:28","date_gmt":"2024-07-11T09:23:28","guid":{"rendered":"https:\/\/www.flassaders.org\/?page_id=18196"},"modified":"2024-07-11T11:23:28","modified_gmt":"2024-07-11T09:23:28","slug":"rutas","status":"publish","type":"page","link":"https:\/\/www.flassaders.org\/es\/rutas\/","title":{"rendered":"Rutas Saludables"},"content":{"rendered":"<div class=\"flex_column av_one_full  flex_column_div av-zero-column-padding first  \" style='border-radius:0px; '><div class='avia-image-container  av-styling-    avia-align-center '  itemprop=\"ImageObject\" itemscope=\"itemscope\" itemtype=\"https:\/\/schema.org\/ImageObject\"  ><div class='avia-image-container-inner'><img class='avia_image ' src='https:\/\/www.flassaders.org\/wp-content\/uploads\/2024\/07\/Rutas.png' alt='' title='Rutas'   itemprop=\"thumbnailUrl\"  \/><\/div><\/div><\/div><div class=\"flex_column av_one_full  flex_column_div first  \" style='padding:10px; border-radius:0px; '><section class=\"av_textblock_section \"  itemscope=\"itemscope\" itemtype=\"https:\/\/schema.org\/CreativeWork\" ><div class='avia_textblock  '   itemprop=\"text\" ><h3 style=\"font-family: Ruda; font-size: 18pt; color: #fdd700; font-weight: bold;\"><strong>Informaci\u00f3n general<\/strong><\/h3>\n<\/div><\/section><br \/>\n<section class=\"av_textblock_section \"  itemscope=\"itemscope\" itemtype=\"https:\/\/schema.org\/CreativeWork\" ><div class='avia_textblock  '   itemprop=\"text\" ><p class=\"p1\" style=\"text-align: justify;\"><span style=\"font-family: Muli; font-size: 13pt;\">Desde la Conseller\u00eda de Salud y Consumo pusieron en marcha el proyecto de rutas saludables en torno a los centros de salud. Para dise\u00f1ar estas rutas se cont\u00f3 con la colaboraci\u00f3n de entidades, asociaciones y de la ciudadan\u00eda de los barrios implicados, as\u00ed como de los o las responsables municipales de los ayuntamientos participantes. De este modo, se definieron rutas adaptadas en la vida cotidiana, que fomenten la socializaci\u00f3n de vecinas y vecinos en su propio entorno mediante la pr\u00e1ctica de actividad f\u00edsica en grupo, contribuyendo al fortalecimiento del tejido social a la vez que se fomenta la actividad f\u00edsica, mejorando as\u00ed la salud de toda la comunidad.<\/span><\/p>\n<p class=\"p1\" style=\"text-align: justify;\"><span style=\"font-family: Muli; font-size: 13pt;\"><strong>Inscripciones en el CS Escola Graduada.<br \/>\nDirecci\u00f3n: C\/ de Socors 36-38<br \/>\nTel\u00e9fono: 971 220 000.<\/strong><\/span><\/p>\n<\/div><\/section><\/p><\/div><\/p>\n<div class=\"flex_column av_one_full  flex_column_div first  \" style='padding:0px 10px 0px 10px ; border-radius:0px; '><section class=\"av_textblock_section \"  itemscope=\"itemscope\" itemtype=\"https:\/\/schema.org\/CreativeWork\" ><div class='avia_textblock  '   itemprop=\"text\" ><h3 style=\"font-family: Ruda; font-size: 18pt; color: #fdd700; font-weight: bold;\"><strong>Caminar<\/strong><\/h3>\n<\/div><\/section><br \/>\n<section class=\"av_textblock_section \"  itemscope=\"itemscope\" itemtype=\"https:\/\/schema.org\/CreativeWork\" ><div class='avia_textblock  '   itemprop=\"text\" ><p class=\"p1\" style=\"text-align: justify;\"><span style=\"font-family: Muli; font-size: 13pt;\"> Los lunes se llevaran a cabo las sesiones de ir a andar, de 10 a 11h, saliendo de la Plaza Raimundo Clar<\/span><\/p>\n<\/div><\/section><\/p><\/div>\n<div class=\"flex_column av_one_full  flex_column_div first  \" style='padding:0px 10px 0px 10px ; border-radius:0px; '><section class=\"av_textblock_section \"  itemscope=\"itemscope\" itemtype=\"https:\/\/schema.org\/CreativeWork\" ><div class='avia_textblock  '   itemprop=\"text\" ><h3 style=\"font-family: Ruda; font-size: 18pt; color: #fdd700; font-weight: bold;\"><strong>Ejercicio f\u00edsico<\/strong><\/h3>\n<\/div><\/section><br \/>\n<section class=\"av_textblock_section \"  itemscope=\"itemscope\" itemtype=\"https:\/\/schema.org\/CreativeWork\" ><div class='avia_textblock  '   itemprop=\"text\" ><p class=\"p1\" style=\"text-align: justify;\"><span style=\"font-family: Muli; font-size: 13pt;\">Los mi\u00e9rcoles, de 11 a 12h, re realizar\u00e1n las clases de ejercicio f\u00edsico en el Centro Flassaders.<br \/>\n<\/span><\/p>\n<\/div><\/section><\/p><\/div>\n<div class=\"flex_column av_one_full  flex_column_div first  \" style='padding:0px 10px 0px 10px ; border-radius:0px; '><section class=\"av_textblock_section \"  itemscope=\"itemscope\" itemtype=\"https:\/\/schema.org\/CreativeWork\" ><div class='avia_textblock  '   itemprop=\"text\" ><h3 style=\"font-family: Ruda; font-size: 18pt; color: #fdd700; font-weight: bold;\"><strong>Charlas<\/strong><\/h3>\n<\/div><\/section><br \/>\n<section class=\"av_textblock_section \"  itemscope=\"itemscope\" itemtype=\"https:\/\/schema.org\/CreativeWork\" ><div class='avia_textblock  '   itemprop=\"text\" ><p class=\"p1\" style=\"text-align: justify;\"><span style=\"font-family: Muli; font-size: 13pt;\">Los viernes en el CS Escuela Graduada, de 11:30 a 12:30h, se realizar\u00e1n las charlas sobre salud.<br \/>\n<\/span><\/p>\n<\/div><\/section><\/p><\/div>\n<div class=\"flex_column av_one_full  flex_column_div first  \" style='padding:0px 10px 0px 10px ; border-radius:0px; '><section class=\"av_textblock_section \"  itemscope=\"itemscope\" itemtype=\"https:\/\/schema.org\/CreativeWork\" ><div class='avia_textblock  '   itemprop=\"text\" ><h3 style=\"font-family: Ruda; font-size: 18pt; color: #fdd700; font-weight: bold;\"><strong>Cronograma<\/strong><\/h3>\n<\/div><\/section><br \/>\n<section class=\"av_textblock_section \"  itemscope=\"itemscope\" itemtype=\"https:\/\/schema.org\/CreativeWork\" ><div class='avia_textblock  '   itemprop=\"text\" ><p class=\"p1\" style=\"text-align: justify;\"><span style=\"font-family: Muli; font-size: 13pt;\">A continuaci\u00f3n ten\u00e9is el cronograma de todas las actividades:<br \/>\n<img loading=\"lazy\" decoding=\"async\" class=\"alignnone size-full wp-image-18212\" src=\"https:\/\/www.flassaders.org\/wp-content\/uploads\/2024\/07\/cronograma-defi.png\" alt=\"\" width=\"1024\" height=\"768\" srcset=\"https:\/\/www.flassaders.org\/wp-content\/uploads\/2024\/07\/cronograma-defi.png 1024w, https:\/\/www.flassaders.org\/wp-content\/uploads\/2024\/07\/cronograma-defi-300x225.png 300w, https:\/\/www.flassaders.org\/wp-content\/uploads\/2024\/07\/cronograma-defi-768x576.png 768w, https:\/\/www.flassaders.org\/wp-content\/uploads\/2024\/07\/cronograma-defi-705x529.png 705w, https:\/\/www.flassaders.org\/wp-content\/uploads\/2024\/07\/cronograma-defi-450x338.png 450w\" sizes=\"auto, (max-width: 1024px) 100vw, 1024px\" \/><\/span><\/p>\n<\/div><\/section><\/p><\/div>\n","protected":false},"excerpt":{"rendered":"","protected":false},"author":1,"featured_media":0,"parent":0,"menu_order":0,"comment_status":"closed","ping_status":"closed","template":"","meta":{"_bbp_topic_count":0,"_bbp_reply_count":0,"_bbp_total_topic_count":0,"_bbp_total_reply_count":0,"_bbp_voice_count":0,"_bbp_anonymous_reply_count":0,"_bbp_topic_count_hidden":0,"_bbp_reply_count_hidden":0,"_bbp_forum_subforum_count":0,"footnotes":""},"class_list":["post-18196","page","type-page","status-publish","hentry"],"_links":{"self":[{"href":"https:\/\/www.flassaders.org\/es\/wp-json\/wp\/v2\/pages\/18196","targetHints":{"allow":["GET"]}}],"collection":[{"href":"https:\/\/www.flassaders.org\/es\/wp-json\/wp\/v2\/pages"}],"about":[{"href":"https:\/\/www.flassaders.org\/es\/wp-json\/wp\/v2\/types\/page"}],"author":[{"embeddable":true,"href":"https:\/\/www.flassaders.org\/es\/wp-json\/wp\/v2\/users\/1"}],"replies":[{"embeddable":true,"href":"https:\/\/www.flassaders.org\/es\/wp-json\/wp\/v2\/comments?post=18196"}],"version-history":[{"count":5,"href":"https:\/\/www.flassaders.org\/es\/wp-json\/wp\/v2\/pages\/18196\/revisions"}],"predecessor-version":[{"id":18222,"href":"https:\/\/www.flassaders.org\/es\/wp-json\/wp\/v2\/pages\/18196\/revisions\/18222"}],"wp:attachment":[{"href":"https:\/\/www.flassaders.org\/es\/wp-json\/wp\/v2\/media?parent=18196"}],"curies":[{"name":"wp","href":"https:\/\/api.w.org\/{rel}","templated":true}]}}