{"id":20276,"date":"2025-10-15T17:30:43","date_gmt":"2025-10-15T15:30:43","guid":{"rendered":"https:\/\/www.flassaders.org\/?page_id=20276"},"modified":"2025-10-15T19:58:58","modified_gmt":"2025-10-15T17:58:58","slug":"medialab","status":"publish","type":"page","link":"https:\/\/www.flassaders.org\/es\/medialab\/","title":{"rendered":"Medialab"},"content":{"rendered":"<div class=\"flex_column av_one_full  flex_column_div av-zero-column-padding first  \" style='border-radius:0px; '><section class=\"avia_codeblock_section  avia_code_block_0\"  itemscope=\"itemscope\" itemtype=\"https:\/\/schema.org\/CreativeWork\" ><div class='avia_codeblock '  itemprop=\"text\" > [avia_codeblock_placeholder uid=\"0\"] <\/div><\/section><\/div>\n<div class=\"flex_column av_one_third  flex_column_div av-zero-column-padding first  \" style='border-radius:0px; '><div class='avia-button-wrap avia-button-center '><a href='#capsules' class='avia-button avia-button-fullwidth   avia-icon_select-no avia-color-custom '  style='color:#000000; background-color:#aad2e2;  ' ><span class='avia_iconbox_title' >TALLERES Y ACTIVIDADES<\/span><span class='avia_button_background avia-button avia-button-fullwidth avia-color-theme-color' ><\/span><\/a><\/div><\/div>\n<div class=\"flex_column av_one_third  flex_column_div av-zero-column-padding   \" style='border-radius:0px; '><div class='avia-button-wrap avia-button-center '><a href='#medialab' class='avia-button avia-button-fullwidth   avia-icon_select-no avia-color-custom '  style='color:#000000; background-color:#88a9d1;  ' ><span class='avia_iconbox_title' >MEDIALAB<\/span><span class='avia_button_background avia-button avia-button-fullwidth avia-color-theme-color' ><\/span><\/a><\/div><\/div>\n<div class=\"flex_column av_one_third  flex_column_div av-zero-column-padding   \" style='border-radius:0px; '><div class='avia-button-wrap avia-button-center '><a href='#ciudadania' class='avia-button avia-button-fullwidth   avia-icon_select-no avia-color-custom '  style='color:#000000; background-color:#ededd2;  ' ><span class='avia_iconbox_title' >ATENCI\u00d3N A LA CIUDADAN\u00cdA<\/span><span class='avia_button_background avia-button avia-button-fullwidth avia-color-theme-color' ><\/span><\/a><\/div><\/div>\n<div class=\"flex_column av_one_full  flex_column_div first  \" ><section class=\"av_textblock_section \"  itemscope=\"itemscope\" itemtype=\"https:\/\/schema.org\/CreativeWork\" ><div class='avia_textblock  '   itemprop=\"text\" ><h1 style=\"text-align: center;\">MEDIALAB. Tecnolog\u00edas abiertas, democracia participativa y cultura digital<\/h1>\n<p><span style=\"font-size: 12pt;\">El Centro Flassaders <span style=\"font-weight: 400;\">pone a disposici\u00f3n de la ciudadan\u00eda medios t\u00e9cnicos y tecnol\u00f3gicos para mejorar la accesibilidad de las tecnolog\u00edas de la informaci\u00f3n y la comunicaci\u00f3n con el objetivo de luchar contra la brecha digital y garantizar el ejercicio de los derechos civiles y de participaci\u00f3n social.<\/span><\/span><\/p>\n<p><span style=\"font-size: 12pt;\">Objetivos:<br \/>\n&gt;&gt;&gt; Fomentar y capacitar para el uso de las TIC, fomentando de esta forma la cohesi\u00f3n digital.<br \/>\n&gt;&gt;&gt; Ofrecer acciones formativas din\u00e1micas y variadas que se adapten a la diversidad de intereses y necesidades de la poblaci\u00f3n.<br \/>\n&gt;&gt;&gt;Ofrecer herramientas para la participaci\u00f3n, la socializaci\u00f3n y el acceso a los recursos municipales.<br \/>\n&gt;&gt;&gt; Establecer colaboraciones con otras entidades del entorno para ser un centro innovador y participativo.<br \/>\n&gt;&gt;&gt; Responder a la revoluci\u00f3n digital.<\/span><\/p>\n<\/div><\/section><\/div>\n<div class=\"flex_column av_four_fifth  flex_column_div first  \" style='padding:15px 5px 10px 5px ; border-radius:0px; '><section class=\"av_textblock_section \"  itemscope=\"itemscope\" itemtype=\"https:\/\/schema.org\/CreativeWork\" ><div class='avia_textblock  '   itemprop=\"text\" ><h1 style=\"text-align: left;\">\u00a0Horario Medialab<\/h1>\n<\/div><\/section><br \/>\n<section class=\"av_textblock_section \"  itemscope=\"itemscope\" itemtype=\"https:\/\/schema.org\/CreativeWork\" ><div class='avia_textblock  '   itemprop=\"text\" ><p><img loading=\"lazy\" decoding=\"async\" class=\"alignnone size-full wp-image-20316\" src=\"https:\/\/www.flassaders.org\/wp-content\/uploads\/2025\/10\/web-cast.png&quot;\" alt=\"\" width=\"980\" height=\"500\" \/><\/p>\n<p>&gt;&gt; S\u00e1bado, domingo y agosto cerrado.<\/p>\n<p style=\"text-align: left;\"><u><a href=\"..\/wp-content\/uploads\/2022\/05\/normes-espaitic.pdf\">Consulta la normativa del Medialab<\/a><\/u><\/p>\n<\/div><\/section><\/p><\/div><div class=\"flex_column av_one_full  flex_column_div first  \" style='padding:15px 5px 10px 5px ; border-radius:0px; '><section class=\"av_textblock_section \"  itemscope=\"itemscope\" itemtype=\"https:\/\/schema.org\/CreativeWork\" ><div class='avia_textblock  '   itemprop=\"text\" ><p><span style=\"font-size: 12pt;\">El Medialab se concibe como un espacio de encuentro para el an\u00e1lisis, la investigaci\u00f3n y la difusi\u00f3n de las posibilidades que las tecnolog\u00edas digitales generan en la cultura y en la sociedad en general. Es un sitio que fomenta la participaci\u00f3n de la comunidad y el compromiso c\u00edvico a trav\u00e9s de las herramientas tecnol\u00f3gicas.<\/span><\/p>\n<\/div><\/section><\/div><\/p>\n<div class=\"flex_column av_one_full  flex_column_div first  \" style='padding:15px 5px 10px 5px ; background-color:#aad2e2; border-radius:0px; '><div style='padding-bottom:5px;color:#000000;' class='av-special-heading av-special-heading-h1 custom-color-heading blockquote modern-quote modern-centered  '><h1 class='av-special-heading-tag '  itemprop=\"headline\"  ><\/p>\n<div id=\"capsules\">TALLERES Y ACTIVIDADES<\/div>\n<p><\/h1><div class='special-heading-border'><div class='special-heading-inner-border' style='border-color:#000000'><\/div><\/div><\/div><\/div>\n<div class=\"flex_column av_three_fifth  flex_column_div av-zero-column-padding first  \" style='border-radius:0px; '><section class=\"av_textblock_section \"  itemscope=\"itemscope\" itemtype=\"https:\/\/schema.org\/CreativeWork\" ><div class='avia_textblock  '   itemprop=\"text\" ><p><span style=\"font-size: 12pt;\">En este espacio se imparten clases de iniciaci\u00f3n a la inform\u00e1tica, para aprender a navegar por Internet, gestionar un Correo Electr\u00f3nico o escribir con un Procesador de Texto. <\/span><\/p>\n<p><span style=\"font-size: 12pt;\">Tambi\u00e9n se realizan c\u00e1psulas formativas para personas con nivel de conocimientos m\u00e1s avanzados y temas especializados. <\/span><\/p>\n<p><span style=\"font-size: 12pt;\">Queremos trabajar la tecnolog\u00eda y retos de la sociedad en red a trav\u00e9s de un programa de actividades ecl\u00e9ctico: debates y charlas, sesiones musicales, proyecciones de cine, jornadas sobre videojuegos, exposiciones de proyectos locales y otras propuestas.<\/span><\/p>\n<\/div><\/section><\/div>\n<div class=\"flex_column av_two_fifth  flex_column_div av-zero-column-padding   \" style='border-radius:0px; '><div class='avia-button-wrap avia-button-center '><a href='https:\/\/www.flassaders.org\/es\/inscripciones\/' class='avia-button avia-button-fullwidth   avia-icon_select-yes-left-icon avia-color-theme-color '  style='color:#ffffff; ' ><span class='avia_button_icon avia_button_icon_left ' aria-hidden='true' data-av_icon='\ue836' data-av_iconfont='entypo-fontello'><\/span><span class='avia_iconbox_title' >QUIERO INSCRIBIRME<\/span><span class='avia_button_background avia-button avia-button-fullwidth avia-color-theme-color' ><\/span><\/a><\/div><\/div>\n<div style='height:50px' class='hr hr-invisible  '><span class='hr-inner ' ><span class='hr-inner-style'><\/span><\/span><\/div>\n<div class=\"flex_column av_one_full  flex_column_div first  \" style='padding:15px 5px 10px 5px ; background-color:#88a9d1; border-radius:0px; '><div style='padding-bottom:5px;color:#ffffff;' class='av-special-heading av-special-heading-h1 custom-color-heading blockquote modern-quote modern-centered  '><h1 class='av-special-heading-tag '  itemprop=\"headline\"  ><\/p>\n<div id=\"medialab\">LABOBERT<\/div>\n<p><\/h1><div class='special-heading-border'><div class='special-heading-inner-border' style='border-color:#ffffff'><\/div><\/div><\/div><\/div>\n<div class=\"flex_column av_one_full  flex_column_div av-zero-column-padding first  \" style='border-radius:0px; '><section class=\"av_textblock_section \"  itemscope=\"itemscope\" itemtype=\"https:\/\/schema.org\/CreativeWork\" ><div class='avia_textblock  '   itemprop=\"text\" ><p><span style=\"font-size: 12pt;\">El LAB Obert es un espacio abierto y gratuito para la autoformaci\u00f3n TIC. Se puede utilizar el equipamiento inform\u00e1tico de forma aut\u00f3noma seg\u00fan las necesidades: practicar las actividades de las c\u00e1psulas formativas, consultar dudas, navegar por Internet, realizar gestiones y tr\u00e1mites, utilizar el software libre instalado, etc. Tambi\u00e9n podr\u00e1s conectar tus propios dispositivos a la red Wi-Fi abierta del Ayuntamiento de Palma.<\/span><\/p>\n<p><span style=\"font-size: 12pt;\">*No es necesaria reserva previa. Cuando vengas por primera vez tendr\u00e1s que cumplimentar un <a href=\"https:\/\/forms.gle\/WvkDhmwDf4wSJQLKA\"><u>cuestionario<\/u><\/a> breve con finalidad estad\u00edstica. \u00a1Consulta el horario, ven y sube al tercer piso!<\/span><\/p>\n<\/div><\/section><\/div>\n<div style='height:15px' class='hr hr-invisible  '><span class='hr-inner ' ><span class='hr-inner-style'><\/span><\/span><\/div>\n<div style='height:25px' class='hr hr-invisible  '><span class='hr-inner ' ><span class='hr-inner-style'><\/span><\/span><\/div>\n<div class=\"flex_column av_one_full  flex_column_div first  \" style='padding:15px 5px 10px 5px ; background-color:#ededd2; border-radius:0px; '><div style='padding-bottom:5px;color:#000000;' class='av-special-heading av-special-heading-h1 custom-color-heading blockquote modern-quote modern-centered  '><h1 class='av-special-heading-tag '  itemprop=\"headline\"  ><\/p>\n<div id=\"ciudadania\">ATENCI\u00d3N A LA CIUDADAN\u00cdA<\/div>\n<p><\/h1><div class='special-heading-border'><div class='special-heading-inner-border' style='border-color:#000000'><\/div><\/div><\/div><\/div>\n<div class=\"flex_column av_one_full  flex_column_div first  \" style='padding:15px 5px 10px 5px ; border-radius:0px; '><section class=\"av_textblock_section \"  itemscope=\"itemscope\" itemtype=\"https:\/\/schema.org\/CreativeWork\" ><div class='avia_textblock  '   itemprop=\"text\" ><p><span style=\"font-size: 12pt;\">Espacio disponible para la ciudadan\u00eda, sin cita previa ni inscripci\u00f3n, en el cual recibir ayuda en la gesti\u00f3n de tr\u00e1mites telem\u00e1ticos sencillos, comunes en el d\u00eda a d\u00eda.<\/span><\/p>\n<\/div><\/section><\/div>\n","protected":false},"excerpt":{"rendered":"","protected":false},"author":1,"featured_media":0,"parent":0,"menu_order":0,"comment_status":"closed","ping_status":"closed","template":"","meta":{"_bbp_topic_count":0,"_bbp_reply_count":0,"_bbp_total_topic_count":0,"_bbp_total_reply_count":0,"_bbp_voice_count":0,"_bbp_anonymous_reply_count":0,"_bbp_topic_count_hidden":0,"_bbp_reply_count_hidden":0,"_bbp_forum_subforum_count":0,"footnotes":""},"class_list":["post-20276","page","type-page","status-publish","hentry"],"_links":{"self":[{"href":"https:\/\/www.flassaders.org\/es\/wp-json\/wp\/v2\/pages\/20276","targetHints":{"allow":["GET"]}}],"collection":[{"href":"https:\/\/www.flassaders.org\/es\/wp-json\/wp\/v2\/pages"}],"about":[{"href":"https:\/\/www.flassaders.org\/es\/wp-json\/wp\/v2\/types\/page"}],"author":[{"embeddable":true,"href":"https:\/\/www.flassaders.org\/es\/wp-json\/wp\/v2\/users\/1"}],"replies":[{"embeddable":true,"href":"https:\/\/www.flassaders.org\/es\/wp-json\/wp\/v2\/comments?post=20276"}],"version-history":[{"count":12,"href":"https:\/\/www.flassaders.org\/es\/wp-json\/wp\/v2\/pages\/20276\/revisions"}],"predecessor-version":[{"id":20374,"href":"https:\/\/www.flassaders.org\/es\/wp-json\/wp\/v2\/pages\/20276\/revisions\/20374"}],"wp:attachment":[{"href":"https:\/\/www.flassaders.org\/es\/wp-json\/wp\/v2\/media?parent=20276"}],"curies":[{"name":"wp","href":"https:\/\/api.w.org\/{rel}","templated":true}]}}